{"id":1556,"date":"2016-01-10T12:38:07","date_gmt":"2016-01-10T10:38:07","guid":{"rendered":"http:\/\/grafikegitimkursu.com\/?page_id=1556"},"modified":"2019-08-16T16:53:43","modified_gmt":"2019-08-16T13:53:43","slug":"kurum-profili","status":"publish","type":"page","link":"https:\/\/www.grafikegitimkursu.com\/?page_id=1556","title":{"rendered":"KURUM PROF\u0130L\u0130"},"content":{"rendered":"<p>[vc_row][vc_column][vc_column_text]<\/p>\n<p style=\"text-align: justify;\"><strong>\u00d6zel Grafik Tasar\u0131m Kursu<\/strong> olarak: \u0130nsana yap\u0131lacak en b\u00fcy\u00fck yat\u0131r\u0131m\u0131n e\u011fitim oldu\u011fu inanc\u0131yla \u00e7\u0131kt\u0131\u011f\u0131m\u0131z yolda, bilginin \u00e7ok b\u00fcy\u00fck bir g\u00fc\u00e7 oldu\u011funu ve \u00f6\u011frenmenin de insan hayat\u0131n\u0131n her an\u0131nda devam etti\u011fine inan\u0131yoruz. Ya\u015fad\u0131\u011f\u0131m\u0131z \u00e7a\u011fda bilgiyi uygularken teknoloji yan\u0131m\u0131zdaki en b\u00fcy\u00fck ara\u00e7 olacakt\u0131r. \u0130\u015fte bu bak\u0131\u015f a\u00e7\u0131s\u0131yla amac\u0131na ula\u015fmak isteyen tasar\u0131mc\u0131 ve adaylar\u0131 i\u00e7in uygulanabilir, kapsaml\u0131 ve anla\u015f\u0131l\u0131r bir e\u011fitim sistemi olu\u015fturduk.\u00a0Geli\u015fen bu s\u00fcre\u00e7te, ilgili sekt\u00f6rle ve akademik \u00e7evre ile ili\u015fki i\u00e7inde olan, s\u00fcrekli geli\u015fen ve geli\u015ftiren,\u00a0\u00f6\u011frenci memnuniyetini \u00f6n planda tutan, kursiyerlerine yol g\u00f6sterici, yeniliklere \u00f6nc\u00fcl\u00fck eden, teknolojiyi yak\u0131ndan takip edip, sanata ve sanat\u00e7\u0131ya sayg\u0131 duyan duru\u015fumuz; her daim bizim lokomotifimiz olacakt\u0131r.<\/p>\n<p style=\"text-align: justify;\"><strong>Neden bizi se\u00e7melisiniz?<\/strong><\/p>\n<p style=\"text-align: justify;\"><strong>\u00d6zel Grafik Tasar\u0131m Kursu:<\/strong>\u00a0<span style=\"text-decoration: underline;\">sadece &#8220;Grafik Tasar\u0131m E\u011fitimi&#8221; veren b\u00f6lgenin ilk ve tek kurumudur,<\/span>\u00a028 y\u0131ll\u0131k deneyimin verdi\u011fi tecr\u00fcbe ile, biz en iyi bildi\u011fimiz i\u015fi yap\u0131yoruz. <strong>\u00a0Sizin ihtiya\u00e7 ve beklentilerinizi anl\u0131yoruz\u2026 Ayn\u0131 \u015fekilde sekt\u00f6rdeki piyasa ko\u015fullar\u0131n\u0131 ve i\u015fveren beklentilerini de yak\u0131ndan takip ediyoruz.<\/strong>\u00a0\u00d6\u011fretileriyle\u00a0kursiyerlerini sekt\u00f6re \u00e7abuk adapte edebilen i\u015finin uzman\u0131 e\u011fitmen kadrosu ve sekt\u00f6r\u00fcn ihtiyac\u0131 olan bilgilerin \u00f6\u011fretildi\u011fi e\u015fsiz e\u011fitim i\u00e7eri\u011fiyle sizleri yar\u0131nlara haz\u0131r ediyoruz. <strong>Neden mi? \u00c7\u00fcnk\u00fc: Siz \u00d6zelsiniz!<\/strong><\/p>\n<h4 style=\"text-align: justify;\">Unutma: Sen de Tasarlayabilirsin!<\/h4>\n<p><img decoding=\"async\" loading=\"lazy\" class=\"size-full wp-image-2005 aligncenter\" src=\"http:\/\/grafikegitimkursu.com\/wp-content\/uploads\/2016\/01\/Untitled-11e.png\" alt=\"Untitled-11e\" width=\"491\" height=\"178\" \/><\/p>\n<p>[\/vc_column_text][\/vc_column][\/vc_row][vc_row][vc_column][\/vc_column][\/vc_row]<\/p>\n","protected":false},"excerpt":{"rendered":"<p>[vc_row][vc_column][vc_column_text] \u00d6zel Grafik Tasar\u0131m Kursu olarak: \u0130nsana yap\u0131lacak en b\u00fcy\u00fck yat\u0131r\u0131m\u0131n e\u011fitim oldu\u011fu inanc\u0131yla \u00e7\u0131kt\u0131\u011f\u0131m\u0131z yolda, bilginin \u00e7ok b\u00fcy\u00fck bir g\u00fc\u00e7 oldu\u011funu ve \u00f6\u011frenmenin de insan hayat\u0131n\u0131n her an\u0131nda devam etti\u011fine inan\u0131yoruz. Ya\u015fad\u0131\u011f\u0131m\u0131z \u00e7a\u011fda bilgiyi uygularken teknoloji yan\u0131m\u0131zdaki en b\u00fcy\u00fck ara\u00e7 olacakt\u0131r. \u0130\u015fte bu bak\u0131\u015f a\u00e7\u0131s\u0131yla amac\u0131na ula\u015fmak isteyen tasar\u0131mc\u0131 ve adaylar\u0131 i\u00e7in uygulanabilir, kapsaml\u0131 [&hellip;]<\/p>\n","protected":false},"author":1,"featured_media":0,"parent":0,"menu_order":0,"comment_status":"closed","ping_status":"closed","template":"","meta":[],"yoast_head":"<!-- This site is optimized with the Yoast SEO plugin v20.7 - https:\/\/yoast.com\/wordpress\/plugins\/seo\/ -->\n<title>KURUM PROF\u0130L\u0130 - GEK | Grafik E\u011fitim Kurumu<\/title>\n<meta name=\"robots\" content=\"index, follow, max-snippet:-1, max-image-preview:large, max-video-preview:-1\" \/>\n<link rel=\"canonical\" href=\"https:\/\/www.grafikegitimkursu.com\/?page_id=1556\" \/>\n<meta property=\"og:locale\" content=\"tr_TR\" \/>\n<meta property=\"og:type\" content=\"article\" \/>\n<meta property=\"og:title\" content=\"KURUM PROF\u0130L\u0130 - GEK | Grafik E\u011fitim Kurumu\" \/>\n<meta property=\"og:description\" content=\"[vc_row][vc_column][vc_column_text] \u00d6zel Grafik Tasar\u0131m Kursu olarak: \u0130nsana yap\u0131lacak en b\u00fcy\u00fck yat\u0131r\u0131m\u0131n e\u011fitim oldu\u011fu inanc\u0131yla \u00e7\u0131kt\u0131\u011f\u0131m\u0131z yolda, bilginin \u00e7ok b\u00fcy\u00fck bir g\u00fc\u00e7 oldu\u011funu ve \u00f6\u011frenmenin de insan hayat\u0131n\u0131n her an\u0131nda devam etti\u011fine inan\u0131yoruz. Ya\u015fad\u0131\u011f\u0131m\u0131z \u00e7a\u011fda bilgiyi uygularken teknoloji yan\u0131m\u0131zdaki en b\u00fcy\u00fck ara\u00e7 olacakt\u0131r. \u0130\u015fte bu bak\u0131\u015f a\u00e7\u0131s\u0131yla amac\u0131na ula\u015fmak isteyen tasar\u0131mc\u0131 ve adaylar\u0131 i\u00e7in uygulanabilir, kapsaml\u0131 [&hellip;]\" \/>\n<meta property=\"og:url\" content=\"https:\/\/www.grafikegitimkursu.com\/?page_id=1556\" \/>\n<meta property=\"og:site_name\" content=\"GEK | Grafik E\u011fitim Kurumu\" \/>\n<meta property=\"article:publisher\" content=\"https:\/\/www.facebook.com\/grafikegitimkursu\/\" \/>\n<meta property=\"article:modified_time\" content=\"2019-08-16T13:53:43+00:00\" \/>\n<meta property=\"og:image\" content=\"http:\/\/grafikegitimkursu.com\/wp-content\/uploads\/2016\/01\/Untitled-11e.png\" \/>\n<meta name=\"twitter:card\" content=\"summary_large_image\" \/>\n<meta name=\"twitter:label1\" content=\"Tahmini okuma s\u00fcresi\" \/>\n\t<meta name=\"twitter:data1\" content=\"1 dakika\" \/>\n<script type=\"application\/ld+json\" class=\"yoast-schema-graph\">{\"@context\":\"https:\/\/schema.org\",\"@graph\":[{\"@type\":\"WebPage\",\"@id\":\"https:\/\/www.grafikegitimkursu.com\/?page_id=1556\",\"url\":\"https:\/\/www.grafikegitimkursu.com\/?page_id=1556\",\"name\":\"KURUM PROF\u0130L\u0130 - GEK | Grafik E\u011fitim Kurumu\",\"isPartOf\":{\"@id\":\"https:\/\/www.grafikegitimkursu.com\/#website\"},\"datePublished\":\"2016-01-10T10:38:07+00:00\",\"dateModified\":\"2019-08-16T13:53:43+00:00\",\"breadcrumb\":{\"@id\":\"https:\/\/www.grafikegitimkursu.com\/?page_id=1556#breadcrumb\"},\"inLanguage\":\"tr\",\"potentialAction\":[{\"@type\":\"ReadAction\",\"target\":[\"https:\/\/www.grafikegitimkursu.com\/?page_id=1556\"]}]},{\"@type\":\"BreadcrumbList\",\"@id\":\"https:\/\/www.grafikegitimkursu.com\/?page_id=1556#breadcrumb\",\"itemListElement\":[{\"@type\":\"ListItem\",\"position\":1,\"name\":\"Ana sayfa\",\"item\":\"https:\/\/www.grafikegitimkursu.com\/\"},{\"@type\":\"ListItem\",\"position\":2,\"name\":\"KURUM PROF\u0130L\u0130\"}]},{\"@type\":\"WebSite\",\"@id\":\"https:\/\/www.grafikegitimkursu.com\/#website\",\"url\":\"https:\/\/www.grafikegitimkursu.com\/\",\"name\":\"GEK | Grafik E\u011fitim Kurumu\",\"description\":\"Sen de Tasarlayabilirsin !\",\"publisher\":{\"@id\":\"https:\/\/www.grafikegitimkursu.com\/#organization\"},\"potentialAction\":[{\"@type\":\"SearchAction\",\"target\":{\"@type\":\"EntryPoint\",\"urlTemplate\":\"https:\/\/www.grafikegitimkursu.com\/?s={search_term_string}\"},\"query-input\":\"required name=search_term_string\"}],\"inLanguage\":\"tr\"},{\"@type\":\"Organization\",\"@id\":\"https:\/\/www.grafikegitimkursu.com\/#organization\",\"name\":\"GRAF\u0130K E\u011e\u0130T\u0130M KURUMU\",\"url\":\"https:\/\/www.grafikegitimkursu.com\/\",\"logo\":{\"@type\":\"ImageObject\",\"inLanguage\":\"tr\",\"@id\":\"https:\/\/www.grafikegitimkursu.com\/#\/schema\/logo\/image\/\",\"url\":\"https:\/\/i2.wp.com\/www.grafikegitimkursu.com\/wp-content\/uploads\/2016\/02\/logo-son1.png?fit=494%2C110&ssl=1\",\"contentUrl\":\"https:\/\/i2.wp.com\/www.grafikegitimkursu.com\/wp-content\/uploads\/2016\/02\/logo-son1.png?fit=494%2C110&ssl=1\",\"width\":494,\"height\":110,\"caption\":\"GRAF\u0130K E\u011e\u0130T\u0130M KURUMU\"},\"image\":{\"@id\":\"https:\/\/www.grafikegitimkursu.com\/#\/schema\/logo\/image\/\"},\"sameAs\":[\"https:\/\/www.facebook.com\/grafikegitimkursu\/\",\"https:\/\/www.instagram.com\/grafikegitimkursu\/\"]}]}<\/script>\n<!-- \/ Yoast SEO plugin. -->","yoast_head_json":{"title":"KURUM PROF\u0130L\u0130 - GEK | Grafik E\u011fitim Kurumu","robots":{"index":"index","follow":"follow","max-snippet":"max-snippet:-1","max-image-preview":"max-image-preview:large","max-video-preview":"max-video-preview:-1"},"canonical":"https:\/\/www.grafikegitimkursu.com\/?page_id=1556","og_locale":"tr_TR","og_type":"article","og_title":"KURUM PROF\u0130L\u0130 - GEK | Grafik E\u011fitim Kurumu","og_description":"[vc_row][vc_column][vc_column_text] \u00d6zel Grafik Tasar\u0131m Kursu olarak: \u0130nsana yap\u0131lacak en b\u00fcy\u00fck yat\u0131r\u0131m\u0131n e\u011fitim oldu\u011fu inanc\u0131yla \u00e7\u0131kt\u0131\u011f\u0131m\u0131z yolda, bilginin \u00e7ok b\u00fcy\u00fck bir g\u00fc\u00e7 oldu\u011funu ve \u00f6\u011frenmenin de insan hayat\u0131n\u0131n her an\u0131nda devam etti\u011fine inan\u0131yoruz. Ya\u015fad\u0131\u011f\u0131m\u0131z \u00e7a\u011fda bilgiyi uygularken teknoloji yan\u0131m\u0131zdaki en b\u00fcy\u00fck ara\u00e7 olacakt\u0131r. \u0130\u015fte bu bak\u0131\u015f a\u00e7\u0131s\u0131yla amac\u0131na ula\u015fmak isteyen tasar\u0131mc\u0131 ve adaylar\u0131 i\u00e7in uygulanabilir, kapsaml\u0131 [&hellip;]","og_url":"https:\/\/www.grafikegitimkursu.com\/?page_id=1556","og_site_name":"GEK | Grafik E\u011fitim Kurumu","article_publisher":"https:\/\/www.facebook.com\/grafikegitimkursu\/","article_modified_time":"2019-08-16T13:53:43+00:00","og_image":[{"url":"http:\/\/grafikegitimkursu.com\/wp-content\/uploads\/2016\/01\/Untitled-11e.png"}],"twitter_card":"summary_large_image","twitter_misc":{"Tahmini okuma s\u00fcresi":"1 dakika"},"schema":{"@context":"https:\/\/schema.org","@graph":[{"@type":"WebPage","@id":"https:\/\/www.grafikegitimkursu.com\/?page_id=1556","url":"https:\/\/www.grafikegitimkursu.com\/?page_id=1556","name":"KURUM PROF\u0130L\u0130 - GEK | Grafik E\u011fitim Kurumu","isPartOf":{"@id":"https:\/\/www.grafikegitimkursu.com\/#website"},"datePublished":"2016-01-10T10:38:07+00:00","dateModified":"2019-08-16T13:53:43+00:00","breadcrumb":{"@id":"https:\/\/www.grafikegitimkursu.com\/?page_id=1556#breadcrumb"},"inLanguage":"tr","potentialAction":[{"@type":"ReadAction","target":["https:\/\/www.grafikegitimkursu.com\/?page_id=1556"]}]},{"@type":"BreadcrumbList","@id":"https:\/\/www.grafikegitimkursu.com\/?page_id=1556#breadcrumb","itemListElement":[{"@type":"ListItem","position":1,"name":"Ana sayfa","item":"https:\/\/www.grafikegitimkursu.com\/"},{"@type":"ListItem","position":2,"name":"KURUM PROF\u0130L\u0130"}]},{"@type":"WebSite","@id":"https:\/\/www.grafikegitimkursu.com\/#website","url":"https:\/\/www.grafikegitimkursu.com\/","name":"GEK | Grafik E\u011fitim Kurumu","description":"Sen de Tasarlayabilirsin !","publisher":{"@id":"https:\/\/www.grafikegitimkursu.com\/#organization"},"potentialAction":[{"@type":"SearchAction","target":{"@type":"EntryPoint","urlTemplate":"https:\/\/www.grafikegitimkursu.com\/?s={search_term_string}"},"query-input":"required name=search_term_string"}],"inLanguage":"tr"},{"@type":"Organization","@id":"https:\/\/www.grafikegitimkursu.com\/#organization","name":"GRAF\u0130K E\u011e\u0130T\u0130M KURUMU","url":"https:\/\/www.grafikegitimkursu.com\/","logo":{"@type":"ImageObject","inLanguage":"tr","@id":"https:\/\/www.grafikegitimkursu.com\/#\/schema\/logo\/image\/","url":"https:\/\/i2.wp.com\/www.grafikegitimkursu.com\/wp-content\/uploads\/2016\/02\/logo-son1.png?fit=494%2C110&ssl=1","contentUrl":"https:\/\/i2.wp.com\/www.grafikegitimkursu.com\/wp-content\/uploads\/2016\/02\/logo-son1.png?fit=494%2C110&ssl=1","width":494,"height":110,"caption":"GRAF\u0130K E\u011e\u0130T\u0130M KURUMU"},"image":{"@id":"https:\/\/www.grafikegitimkursu.com\/#\/schema\/logo\/image\/"},"sameAs":["https:\/\/www.facebook.com\/grafikegitimkursu\/","https:\/\/www.instagram.com\/grafikegitimkursu\/"]}]}},"_links":{"self":[{"href":"https:\/\/www.grafikegitimkursu.com\/index.php?rest_route=\/wp\/v2\/pages\/1556"}],"collection":[{"href":"https:\/\/www.grafikegitimkursu.com\/index.php?rest_route=\/wp\/v2\/pages"}],"about":[{"href":"https:\/\/www.grafikegitimkursu.com\/index.php?rest_route=\/wp\/v2\/types\/page"}],"author":[{"embeddable":true,"href":"https:\/\/www.grafikegitimkursu.com\/index.php?rest_route=\/wp\/v2\/users\/1"}],"replies":[{"embeddable":true,"href":"https:\/\/www.grafikegitimkursu.com\/index.php?rest_route=%2Fwp%2Fv2%2Fcomments&post=1556"}],"version-history":[{"count":0,"href":"https:\/\/www.grafikegitimkursu.com\/index.php?rest_route=\/wp\/v2\/pages\/1556\/revisions"}],"wp:attachment":[{"href":"https:\/\/www.grafikegitimkursu.com\/index.php?rest_route=%2Fwp%2Fv2%2Fmedia&parent=1556"}],"curies":[{"name":"wp","href":"https:\/\/api.w.org\/{rel}","templated":true}]}}