{"id":1565,"date":"2016-01-10T12:58:26","date_gmt":"2016-01-10T10:58:26","guid":{"rendered":"http:\/\/grafikegitimkursu.com\/?page_id=1565"},"modified":"2017-04-17T22:41:54","modified_gmt":"2017-04-17T19:41:54","slug":"galeri","status":"publish","type":"page","link":"https:\/\/www.grafikegitimkursu.com\/?page_id=1565","title":{"rendered":"GALER\u0130"},"content":{"rendered":"<p>[vc_row 0=&#8221;&#8221;][vc_column 0=&#8221;&#8221;][vc_media_grid element_width=&#8221;3&#8243; gap=&#8221;10&#8243; grid_id=&#8221;vc_gid:1492457692259-9dad1cf464b22f45ab4ff6bf1476383c-1&#8243; include=&#8221;2165,2164,2162,2161,2160,2159,2158,2167,2169,2170,2180,2172,2211,2209,2208,2207&#8243;][vc_media_grid element_width=&#8221;3&#8243; gap=&#8221;10&#8243; grid_id=&#8221;vc_gid:1492457713509-8e8777e7-7ec0-10&#8243; include=&#8221;2458,2457,2456,2455,2454,2453,2452,2451,2450,2449,2448,2300&#8243;][\/vc_column][\/vc_row]<\/p>\n","protected":false},"excerpt":{"rendered":"<p>[vc_row 0=&#8221;&#8221;][vc_column 0=&#8221;&#8221;][vc_media_grid element_width=&#8221;3&#8243; gap=&#8221;10&#8243; grid_id=&#8221;vc_gid:1492457692259-9dad1cf464b22f45ab4ff6bf1476383c-1&#8243; include=&#8221;2165,2164,2162,2161,2160,2159,2158,2167,2169,2170,2180,2172,2211,2209,2208,2207&#8243;][vc_media_grid element_width=&#8221;3&#8243; gap=&#8221;10&#8243; grid_id=&#8221;vc_gid:1492457713509-8e8777e7-7ec0-10&#8243; include=&#8221;2458,2457,2456,2455,2454,2453,2452,2451,2450,2449,2448,2300&#8243;][\/vc_column][\/vc_row]<\/p>\n","protected":false},"author":1,"featured_media":0,"parent":0,"menu_order":0,"comment_status":"closed","ping_status":"closed","template":"","meta":[],"yoast_head":"<!-- This site is optimized with the Yoast SEO plugin v20.7 - https:\/\/yoast.com\/wordpress\/plugins\/seo\/ -->\n<title>GALER\u0130 - GEK | Grafik E\u011fitim Kurumu<\/title>\n<meta name=\"robots\" content=\"index, follow, max-snippet:-1, max-image-preview:large, max-video-preview:-1\" \/>\n<link rel=\"canonical\" href=\"https:\/\/www.grafikegitimkursu.com\/?page_id=1565\" \/>\n<meta property=\"og:locale\" content=\"tr_TR\" \/>\n<meta property=\"og:type\" content=\"article\" \/>\n<meta property=\"og:title\" content=\"GALER\u0130 - GEK | Grafik E\u011fitim Kurumu\" \/>\n<meta property=\"og:description\" content=\"[vc_row 0=&#8221;&#8221;][vc_column 0=&#8221;&#8221;][vc_media_grid element_width=&#8221;3&#8243; gap=&#8221;10&#8243; grid_id=&#8221;vc_gid:1492457692259-9dad1cf464b22f45ab4ff6bf1476383c-1&#8243; include=&#8221;2165,2164,2162,2161,2160,2159,2158,2167,2169,2170,2180,2172,2211,2209,2208,2207&#8243;][vc_media_grid element_width=&#8221;3&#8243; gap=&#8221;10&#8243; grid_id=&#8221;vc_gid:1492457713509-8e8777e7-7ec0-10&#8243; include=&#8221;2458,2457,2456,2455,2454,2453,2452,2451,2450,2449,2448,2300&#8243;][\/vc_column][\/vc_row]\" \/>\n<meta property=\"og:url\" content=\"https:\/\/www.grafikegitimkursu.com\/?page_id=1565\" \/>\n<meta property=\"og:site_name\" content=\"GEK | Grafik E\u011fitim Kurumu\" \/>\n<meta property=\"article:publisher\" content=\"https:\/\/www.facebook.com\/grafikegitimkursu\/\" \/>\n<meta property=\"article:modified_time\" content=\"2017-04-17T19:41:54+00:00\" \/>\n<meta name=\"twitter:card\" content=\"summary_large_image\" \/>\n<script type=\"application\/ld+json\" class=\"yoast-schema-graph\">{\"@context\":\"https:\/\/schema.org\",\"@graph\":[{\"@type\":\"WebPage\",\"@id\":\"https:\/\/www.grafikegitimkursu.com\/?page_id=1565\",\"url\":\"https:\/\/www.grafikegitimkursu.com\/?page_id=1565\",\"name\":\"GALER\u0130 - GEK | Grafik E\u011fitim Kurumu\",\"isPartOf\":{\"@id\":\"https:\/\/www.grafikegitimkursu.com\/#website\"},\"datePublished\":\"2016-01-10T10:58:26+00:00\",\"dateModified\":\"2017-04-17T19:41:54+00:00\",\"breadcrumb\":{\"@id\":\"https:\/\/www.grafikegitimkursu.com\/?page_id=1565#breadcrumb\"},\"inLanguage\":\"tr\",\"potentialAction\":[{\"@type\":\"ReadAction\",\"target\":[\"https:\/\/www.grafikegitimkursu.com\/?page_id=1565\"]}]},{\"@type\":\"BreadcrumbList\",\"@id\":\"https:\/\/www.grafikegitimkursu.com\/?page_id=1565#breadcrumb\",\"itemListElement\":[{\"@type\":\"ListItem\",\"position\":1,\"name\":\"Ana sayfa\",\"item\":\"https:\/\/www.grafikegitimkursu.com\/\"},{\"@type\":\"ListItem\",\"position\":2,\"name\":\"GALER\u0130\"}]},{\"@type\":\"WebSite\",\"@id\":\"https:\/\/www.grafikegitimkursu.com\/#website\",\"url\":\"https:\/\/www.grafikegitimkursu.com\/\",\"name\":\"GEK | Grafik E\u011fitim Kurumu\",\"description\":\"Sen de Tasarlayabilirsin !\",\"publisher\":{\"@id\":\"https:\/\/www.grafikegitimkursu.com\/#organization\"},\"potentialAction\":[{\"@type\":\"SearchAction\",\"target\":{\"@type\":\"EntryPoint\",\"urlTemplate\":\"https:\/\/www.grafikegitimkursu.com\/?s={search_term_string}\"},\"query-input\":\"required name=search_term_string\"}],\"inLanguage\":\"tr\"},{\"@type\":\"Organization\",\"@id\":\"https:\/\/www.grafikegitimkursu.com\/#organization\",\"name\":\"GRAF\u0130K E\u011e\u0130T\u0130M KURUMU\",\"url\":\"https:\/\/www.grafikegitimkursu.com\/\",\"logo\":{\"@type\":\"ImageObject\",\"inLanguage\":\"tr\",\"@id\":\"https:\/\/www.grafikegitimkursu.com\/#\/schema\/logo\/image\/\",\"url\":\"https:\/\/i2.wp.com\/www.grafikegitimkursu.com\/wp-content\/uploads\/2016\/02\/logo-son1.png?fit=494%2C110&ssl=1\",\"contentUrl\":\"https:\/\/i2.wp.com\/www.grafikegitimkursu.com\/wp-content\/uploads\/2016\/02\/logo-son1.png?fit=494%2C110&ssl=1\",\"width\":494,\"height\":110,\"caption\":\"GRAF\u0130K E\u011e\u0130T\u0130M KURUMU\"},\"image\":{\"@id\":\"https:\/\/www.grafikegitimkursu.com\/#\/schema\/logo\/image\/\"},\"sameAs\":[\"https:\/\/www.facebook.com\/grafikegitimkursu\/\",\"https:\/\/www.instagram.com\/grafikegitimkursu\/\"]}]}<\/script>\n<!-- \/ Yoast SEO plugin. -->","yoast_head_json":{"title":"GALER\u0130 - GEK | Grafik E\u011fitim Kurumu","robots":{"index":"index","follow":"follow","max-snippet":"max-snippet:-1","max-image-preview":"max-image-preview:large","max-video-preview":"max-video-preview:-1"},"canonical":"https:\/\/www.grafikegitimkursu.com\/?page_id=1565","og_locale":"tr_TR","og_type":"article","og_title":"GALER\u0130 - GEK | Grafik E\u011fitim Kurumu","og_description":"[vc_row 0=&#8221;&#8221;][vc_column 0=&#8221;&#8221;][vc_media_grid element_width=&#8221;3&#8243; gap=&#8221;10&#8243; grid_id=&#8221;vc_gid:1492457692259-9dad1cf464b22f45ab4ff6bf1476383c-1&#8243; include=&#8221;2165,2164,2162,2161,2160,2159,2158,2167,2169,2170,2180,2172,2211,2209,2208,2207&#8243;][vc_media_grid element_width=&#8221;3&#8243; gap=&#8221;10&#8243; grid_id=&#8221;vc_gid:1492457713509-8e8777e7-7ec0-10&#8243; include=&#8221;2458,2457,2456,2455,2454,2453,2452,2451,2450,2449,2448,2300&#8243;][\/vc_column][\/vc_row]","og_url":"https:\/\/www.grafikegitimkursu.com\/?page_id=1565","og_site_name":"GEK | Grafik E\u011fitim Kurumu","article_publisher":"https:\/\/www.facebook.com\/grafikegitimkursu\/","article_modified_time":"2017-04-17T19:41:54+00:00","twitter_card":"summary_large_image","schema":{"@context":"https:\/\/schema.org","@graph":[{"@type":"WebPage","@id":"https:\/\/www.grafikegitimkursu.com\/?page_id=1565","url":"https:\/\/www.grafikegitimkursu.com\/?page_id=1565","name":"GALER\u0130 - GEK | Grafik E\u011fitim Kurumu","isPartOf":{"@id":"https:\/\/www.grafikegitimkursu.com\/#website"},"datePublished":"2016-01-10T10:58:26+00:00","dateModified":"2017-04-17T19:41:54+00:00","breadcrumb":{"@id":"https:\/\/www.grafikegitimkursu.com\/?page_id=1565#breadcrumb"},"inLanguage":"tr","potentialAction":[{"@type":"ReadAction","target":["https:\/\/www.grafikegitimkursu.com\/?page_id=1565"]}]},{"@type":"BreadcrumbList","@id":"https:\/\/www.grafikegitimkursu.com\/?page_id=1565#breadcrumb","itemListElement":[{"@type":"ListItem","position":1,"name":"Ana sayfa","item":"https:\/\/www.grafikegitimkursu.com\/"},{"@type":"ListItem","position":2,"name":"GALER\u0130"}]},{"@type":"WebSite","@id":"https:\/\/www.grafikegitimkursu.com\/#website","url":"https:\/\/www.grafikegitimkursu.com\/","name":"GEK | Grafik E\u011fitim Kurumu","description":"Sen de Tasarlayabilirsin !","publisher":{"@id":"https:\/\/www.grafikegitimkursu.com\/#organization"},"potentialAction":[{"@type":"SearchAction","target":{"@type":"EntryPoint","urlTemplate":"https:\/\/www.grafikegitimkursu.com\/?s={search_term_string}"},"query-input":"required name=search_term_string"}],"inLanguage":"tr"},{"@type":"Organization","@id":"https:\/\/www.grafikegitimkursu.com\/#organization","name":"GRAF\u0130K E\u011e\u0130T\u0130M KURUMU","url":"https:\/\/www.grafikegitimkursu.com\/","logo":{"@type":"ImageObject","inLanguage":"tr","@id":"https:\/\/www.grafikegitimkursu.com\/#\/schema\/logo\/image\/","url":"https:\/\/i2.wp.com\/www.grafikegitimkursu.com\/wp-content\/uploads\/2016\/02\/logo-son1.png?fit=494%2C110&ssl=1","contentUrl":"https:\/\/i2.wp.com\/www.grafikegitimkursu.com\/wp-content\/uploads\/2016\/02\/logo-son1.png?fit=494%2C110&ssl=1","width":494,"height":110,"caption":"GRAF\u0130K E\u011e\u0130T\u0130M KURUMU"},"image":{"@id":"https:\/\/www.grafikegitimkursu.com\/#\/schema\/logo\/image\/"},"sameAs":["https:\/\/www.facebook.com\/grafikegitimkursu\/","https:\/\/www.instagram.com\/grafikegitimkursu\/"]}]}},"_links":{"self":[{"href":"https:\/\/www.grafikegitimkursu.com\/index.php?rest_route=\/wp\/v2\/pages\/1565"}],"collection":[{"href":"https:\/\/www.grafikegitimkursu.com\/index.php?rest_route=\/wp\/v2\/pages"}],"about":[{"href":"https:\/\/www.grafikegitimkursu.com\/index.php?rest_route=\/wp\/v2\/types\/page"}],"author":[{"embeddable":true,"href":"https:\/\/www.grafikegitimkursu.com\/index.php?rest_route=\/wp\/v2\/users\/1"}],"replies":[{"embeddable":true,"href":"https:\/\/www.grafikegitimkursu.com\/index.php?rest_route=%2Fwp%2Fv2%2Fcomments&post=1565"}],"version-history":[{"count":0,"href":"https:\/\/www.grafikegitimkursu.com\/index.php?rest_route=\/wp\/v2\/pages\/1565\/revisions"}],"wp:attachment":[{"href":"https:\/\/www.grafikegitimkursu.com\/index.php?rest_route=%2Fwp%2Fv2%2Fmedia&parent=1565"}],"curies":[{"name":"wp","href":"https:\/\/api.w.org\/{rel}","templated":true}]}}