{"id":1569,"date":"2016-01-10T13:01:50","date_gmt":"2016-01-10T11:01:50","guid":{"rendered":"http:\/\/grafikegitimkursu.com\/?page_id=1569"},"modified":"2016-02-07T06:15:27","modified_gmt":"2016-02-07T04:15:27","slug":"sertifikasyon","status":"publish","type":"page","link":"https:\/\/www.grafikegitimkursu.com\/?page_id=1569","title":{"rendered":"SERT\u0130F\u0130KASYON"},"content":{"rendered":"<p>&nbsp;<\/p>\n<h4 style=\"text-align: justify;\"><strong>&#8220;Belli bir alanda bilgi sahibi oldu\u011funuzu kan\u0131tlamak istiyorsan\u0131z, en pratik y\u00f6ntem o alana ili\u015fkin bir sertifika edinmektir.&#8221;<\/strong><\/h4>\n<p style=\"text-align: justify;\">Belli bir konuda uzmanla\u015fman\u0131z\u0131 sa\u011flayan, yurtd\u0131\u015f\u0131nda i\u015f hayat\u0131 a\u00e7\u0131s\u0131ndan y\u00fcksek lisans programlar\u0131na alternatif olarak de\u011ferlendirilen,\u00a0\u00fclkemizde ise \u00fcniversite lisans diplomas\u0131ndan sonra\u00a0aranan nitelikli belgelerin en ba\u015f\u0131nda &#8220;Kat\u0131l\u0131m Sertifikas\u0131&#8221; yer almaktad\u0131r. E\u011fitimlerimize kat\u0131l\u0131p devams\u0131zl\u0131\u011f\u0131 olmayan, ayr\u0131ca \u00f6dev ve projelerde ba\u015far\u0131 g\u00f6steren kursiyerlerimiz ald\u0131klar\u0131 e\u011fitimle ilgili &#8220;<strong>Sertifika Belgesi<\/strong>&#8221; almaya hak kazan\u0131r, bu belge bir \u00e7ok resmi ve \u00f6zel kurumda aran\u0131lan belgedir.<\/p>\n<p style=\"text-align: justify;\"><img decoding=\"async\" loading=\"lazy\" class=\"size-full wp-image-1974 aligncenter\" src=\"http:\/\/grafikegitimkursu.com\/wp-content\/uploads\/2016\/02\/sertifika-G.jpg\" alt=\"sertifika-G\" width=\"800\" height=\"566\" \/><img decoding=\"async\" loading=\"lazy\" class=\"size-full wp-image-1976 aligncenter\" src=\"http:\/\/grafikegitimkursu.com\/wp-content\/uploads\/2016\/02\/sertifika-UE.jpg\" alt=\"sertifika-UE\" width=\"800\" height=\"566\" \/><img decoding=\"async\" loading=\"lazy\" class=\"size-full wp-image-1975 aligncenter\" src=\"http:\/\/grafikegitimkursu.com\/wp-content\/uploads\/2016\/02\/sertifika-K.jpg\" alt=\"sertifika-K\" width=\"800\" height=\"566\" \/><\/p>\n<p>&nbsp;<\/p>\n","protected":false},"excerpt":{"rendered":"<p>&nbsp; &#8220;Belli bir alanda bilgi sahibi oldu\u011funuzu kan\u0131tlamak istiyorsan\u0131z, en pratik y\u00f6ntem o alana ili\u015fkin bir sertifika edinmektir.&#8221; Belli bir konuda uzmanla\u015fman\u0131z\u0131 sa\u011flayan, yurtd\u0131\u015f\u0131nda i\u015f hayat\u0131 a\u00e7\u0131s\u0131ndan y\u00fcksek lisans programlar\u0131na alternatif olarak de\u011ferlendirilen,\u00a0\u00fclkemizde ise \u00fcniversite lisans diplomas\u0131ndan sonra\u00a0aranan nitelikli belgelerin en ba\u015f\u0131nda &#8220;Kat\u0131l\u0131m Sertifikas\u0131&#8221; yer almaktad\u0131r. E\u011fitimlerimize kat\u0131l\u0131p devams\u0131zl\u0131\u011f\u0131 olmayan, ayr\u0131ca \u00f6dev ve projelerde ba\u015far\u0131 [&hellip;]<\/p>\n","protected":false},"author":1,"featured_media":0,"parent":0,"menu_order":0,"comment_status":"closed","ping_status":"closed","template":"","meta":[],"yoast_head":"<!-- This site is optimized with the Yoast SEO plugin v20.7 - https:\/\/yoast.com\/wordpress\/plugins\/seo\/ -->\n<title>SERT\u0130F\u0130KASYON - GEK | Grafik E\u011fitim Kurumu<\/title>\n<meta name=\"robots\" content=\"index, follow, max-snippet:-1, max-image-preview:large, max-video-preview:-1\" \/>\n<link rel=\"canonical\" href=\"https:\/\/www.grafikegitimkursu.com\/?page_id=1569\" \/>\n<meta property=\"og:locale\" content=\"tr_TR\" \/>\n<meta property=\"og:type\" content=\"article\" \/>\n<meta property=\"og:title\" content=\"SERT\u0130F\u0130KASYON - GEK | Grafik E\u011fitim Kurumu\" \/>\n<meta property=\"og:description\" content=\"&nbsp; &#8220;Belli bir alanda bilgi sahibi oldu\u011funuzu kan\u0131tlamak istiyorsan\u0131z, en pratik y\u00f6ntem o alana ili\u015fkin bir sertifika edinmektir.&#8221; Belli bir konuda uzmanla\u015fman\u0131z\u0131 sa\u011flayan, yurtd\u0131\u015f\u0131nda i\u015f hayat\u0131 a\u00e7\u0131s\u0131ndan y\u00fcksek lisans programlar\u0131na alternatif olarak de\u011ferlendirilen,\u00a0\u00fclkemizde ise \u00fcniversite lisans diplomas\u0131ndan sonra\u00a0aranan nitelikli belgelerin en ba\u015f\u0131nda &#8220;Kat\u0131l\u0131m Sertifikas\u0131&#8221; yer almaktad\u0131r. E\u011fitimlerimize kat\u0131l\u0131p devams\u0131zl\u0131\u011f\u0131 olmayan, ayr\u0131ca \u00f6dev ve projelerde ba\u015far\u0131 [&hellip;]\" \/>\n<meta property=\"og:url\" content=\"https:\/\/www.grafikegitimkursu.com\/?page_id=1569\" \/>\n<meta property=\"og:site_name\" content=\"GEK | Grafik E\u011fitim Kurumu\" \/>\n<meta property=\"article:publisher\" content=\"https:\/\/www.facebook.com\/grafikegitimkursu\/\" \/>\n<meta property=\"article:modified_time\" content=\"2016-02-07T04:15:27+00:00\" \/>\n<meta property=\"og:image\" content=\"http:\/\/grafikegitimkursu.com\/wp-content\/uploads\/2016\/02\/sertifika-G.jpg\" \/>\n<meta name=\"twitter:card\" content=\"summary_large_image\" \/>\n<meta name=\"twitter:label1\" content=\"Tahmini okuma s\u00fcresi\" \/>\n\t<meta name=\"twitter:data1\" content=\"1 dakika\" \/>\n<script type=\"application\/ld+json\" class=\"yoast-schema-graph\">{\"@context\":\"https:\/\/schema.org\",\"@graph\":[{\"@type\":\"WebPage\",\"@id\":\"https:\/\/www.grafikegitimkursu.com\/?page_id=1569\",\"url\":\"https:\/\/www.grafikegitimkursu.com\/?page_id=1569\",\"name\":\"SERT\u0130F\u0130KASYON - GEK | Grafik E\u011fitim Kurumu\",\"isPartOf\":{\"@id\":\"https:\/\/www.grafikegitimkursu.com\/#website\"},\"datePublished\":\"2016-01-10T11:01:50+00:00\",\"dateModified\":\"2016-02-07T04:15:27+00:00\",\"breadcrumb\":{\"@id\":\"https:\/\/www.grafikegitimkursu.com\/?page_id=1569#breadcrumb\"},\"inLanguage\":\"tr\",\"potentialAction\":[{\"@type\":\"ReadAction\",\"target\":[\"https:\/\/www.grafikegitimkursu.com\/?page_id=1569\"]}]},{\"@type\":\"BreadcrumbList\",\"@id\":\"https:\/\/www.grafikegitimkursu.com\/?page_id=1569#breadcrumb\",\"itemListElement\":[{\"@type\":\"ListItem\",\"position\":1,\"name\":\"Ana sayfa\",\"item\":\"https:\/\/www.grafikegitimkursu.com\/\"},{\"@type\":\"ListItem\",\"position\":2,\"name\":\"SERT\u0130F\u0130KASYON\"}]},{\"@type\":\"WebSite\",\"@id\":\"https:\/\/www.grafikegitimkursu.com\/#website\",\"url\":\"https:\/\/www.grafikegitimkursu.com\/\",\"name\":\"GEK | Grafik E\u011fitim Kurumu\",\"description\":\"Sen de Tasarlayabilirsin !\",\"publisher\":{\"@id\":\"https:\/\/www.grafikegitimkursu.com\/#organization\"},\"potentialAction\":[{\"@type\":\"SearchAction\",\"target\":{\"@type\":\"EntryPoint\",\"urlTemplate\":\"https:\/\/www.grafikegitimkursu.com\/?s={search_term_string}\"},\"query-input\":\"required name=search_term_string\"}],\"inLanguage\":\"tr\"},{\"@type\":\"Organization\",\"@id\":\"https:\/\/www.grafikegitimkursu.com\/#organization\",\"name\":\"GRAF\u0130K E\u011e\u0130T\u0130M KURUMU\",\"url\":\"https:\/\/www.grafikegitimkursu.com\/\",\"logo\":{\"@type\":\"ImageObject\",\"inLanguage\":\"tr\",\"@id\":\"https:\/\/www.grafikegitimkursu.com\/#\/schema\/logo\/image\/\",\"url\":\"https:\/\/i2.wp.com\/www.grafikegitimkursu.com\/wp-content\/uploads\/2016\/02\/logo-son1.png?fit=494%2C110&ssl=1\",\"contentUrl\":\"https:\/\/i2.wp.com\/www.grafikegitimkursu.com\/wp-content\/uploads\/2016\/02\/logo-son1.png?fit=494%2C110&ssl=1\",\"width\":494,\"height\":110,\"caption\":\"GRAF\u0130K E\u011e\u0130T\u0130M KURUMU\"},\"image\":{\"@id\":\"https:\/\/www.grafikegitimkursu.com\/#\/schema\/logo\/image\/\"},\"sameAs\":[\"https:\/\/www.facebook.com\/grafikegitimkursu\/\",\"https:\/\/www.instagram.com\/grafikegitimkursu\/\"]}]}<\/script>\n<!-- \/ Yoast SEO plugin. -->","yoast_head_json":{"title":"SERT\u0130F\u0130KASYON - GEK | Grafik E\u011fitim Kurumu","robots":{"index":"index","follow":"follow","max-snippet":"max-snippet:-1","max-image-preview":"max-image-preview:large","max-video-preview":"max-video-preview:-1"},"canonical":"https:\/\/www.grafikegitimkursu.com\/?page_id=1569","og_locale":"tr_TR","og_type":"article","og_title":"SERT\u0130F\u0130KASYON - GEK | Grafik E\u011fitim Kurumu","og_description":"&nbsp; &#8220;Belli bir alanda bilgi sahibi oldu\u011funuzu kan\u0131tlamak istiyorsan\u0131z, en pratik y\u00f6ntem o alana ili\u015fkin bir sertifika edinmektir.&#8221; Belli bir konuda uzmanla\u015fman\u0131z\u0131 sa\u011flayan, yurtd\u0131\u015f\u0131nda i\u015f hayat\u0131 a\u00e7\u0131s\u0131ndan y\u00fcksek lisans programlar\u0131na alternatif olarak de\u011ferlendirilen,\u00a0\u00fclkemizde ise \u00fcniversite lisans diplomas\u0131ndan sonra\u00a0aranan nitelikli belgelerin en ba\u015f\u0131nda &#8220;Kat\u0131l\u0131m Sertifikas\u0131&#8221; yer almaktad\u0131r. E\u011fitimlerimize kat\u0131l\u0131p devams\u0131zl\u0131\u011f\u0131 olmayan, ayr\u0131ca \u00f6dev ve projelerde ba\u015far\u0131 [&hellip;]","og_url":"https:\/\/www.grafikegitimkursu.com\/?page_id=1569","og_site_name":"GEK | Grafik E\u011fitim Kurumu","article_publisher":"https:\/\/www.facebook.com\/grafikegitimkursu\/","article_modified_time":"2016-02-07T04:15:27+00:00","og_image":[{"url":"http:\/\/grafikegitimkursu.com\/wp-content\/uploads\/2016\/02\/sertifika-G.jpg"}],"twitter_card":"summary_large_image","twitter_misc":{"Tahmini okuma s\u00fcresi":"1 dakika"},"schema":{"@context":"https:\/\/schema.org","@graph":[{"@type":"WebPage","@id":"https:\/\/www.grafikegitimkursu.com\/?page_id=1569","url":"https:\/\/www.grafikegitimkursu.com\/?page_id=1569","name":"SERT\u0130F\u0130KASYON - GEK | Grafik E\u011fitim Kurumu","isPartOf":{"@id":"https:\/\/www.grafikegitimkursu.com\/#website"},"datePublished":"2016-01-10T11:01:50+00:00","dateModified":"2016-02-07T04:15:27+00:00","breadcrumb":{"@id":"https:\/\/www.grafikegitimkursu.com\/?page_id=1569#breadcrumb"},"inLanguage":"tr","potentialAction":[{"@type":"ReadAction","target":["https:\/\/www.grafikegitimkursu.com\/?page_id=1569"]}]},{"@type":"BreadcrumbList","@id":"https:\/\/www.grafikegitimkursu.com\/?page_id=1569#breadcrumb","itemListElement":[{"@type":"ListItem","position":1,"name":"Ana sayfa","item":"https:\/\/www.grafikegitimkursu.com\/"},{"@type":"ListItem","position":2,"name":"SERT\u0130F\u0130KASYON"}]},{"@type":"WebSite","@id":"https:\/\/www.grafikegitimkursu.com\/#website","url":"https:\/\/www.grafikegitimkursu.com\/","name":"GEK | Grafik E\u011fitim Kurumu","description":"Sen de Tasarlayabilirsin !","publisher":{"@id":"https:\/\/www.grafikegitimkursu.com\/#organization"},"potentialAction":[{"@type":"SearchAction","target":{"@type":"EntryPoint","urlTemplate":"https:\/\/www.grafikegitimkursu.com\/?s={search_term_string}"},"query-input":"required name=search_term_string"}],"inLanguage":"tr"},{"@type":"Organization","@id":"https:\/\/www.grafikegitimkursu.com\/#organization","name":"GRAF\u0130K E\u011e\u0130T\u0130M KURUMU","url":"https:\/\/www.grafikegitimkursu.com\/","logo":{"@type":"ImageObject","inLanguage":"tr","@id":"https:\/\/www.grafikegitimkursu.com\/#\/schema\/logo\/image\/","url":"https:\/\/i2.wp.com\/www.grafikegitimkursu.com\/wp-content\/uploads\/2016\/02\/logo-son1.png?fit=494%2C110&ssl=1","contentUrl":"https:\/\/i2.wp.com\/www.grafikegitimkursu.com\/wp-content\/uploads\/2016\/02\/logo-son1.png?fit=494%2C110&ssl=1","width":494,"height":110,"caption":"GRAF\u0130K E\u011e\u0130T\u0130M KURUMU"},"image":{"@id":"https:\/\/www.grafikegitimkursu.com\/#\/schema\/logo\/image\/"},"sameAs":["https:\/\/www.facebook.com\/grafikegitimkursu\/","https:\/\/www.instagram.com\/grafikegitimkursu\/"]}]}},"_links":{"self":[{"href":"https:\/\/www.grafikegitimkursu.com\/index.php?rest_route=\/wp\/v2\/pages\/1569"}],"collection":[{"href":"https:\/\/www.grafikegitimkursu.com\/index.php?rest_route=\/wp\/v2\/pages"}],"about":[{"href":"https:\/\/www.grafikegitimkursu.com\/index.php?rest_route=\/wp\/v2\/types\/page"}],"author":[{"embeddable":true,"href":"https:\/\/www.grafikegitimkursu.com\/index.php?rest_route=\/wp\/v2\/users\/1"}],"replies":[{"embeddable":true,"href":"https:\/\/www.grafikegitimkursu.com\/index.php?rest_route=%2Fwp%2Fv2%2Fcomments&post=1569"}],"version-history":[{"count":0,"href":"https:\/\/www.grafikegitimkursu.com\/index.php?rest_route=\/wp\/v2\/pages\/1569\/revisions"}],"wp:attachment":[{"href":"https:\/\/www.grafikegitimkursu.com\/index.php?rest_route=%2Fwp%2Fv2%2Fmedia&parent=1569"}],"curies":[{"name":"wp","href":"https:\/\/api.w.org\/{rel}","templated":true}]}}