{"id":2029,"date":"2016-02-07T01:50:16","date_gmt":"2016-02-06T23:50:16","guid":{"rendered":"http:\/\/grafikegitimkursu.com\/?page_id=2029"},"modified":"2016-02-08T23:56:21","modified_gmt":"2016-02-08T21:56:21","slug":"ozel-siniflar-cunku-siz-ozelsiniz","status":"publish","type":"page","link":"https:\/\/www.grafikegitimkursu.com\/?page_id=2029","title":{"rendered":"\u00d6zel S\u0131n\u0131flar: \u00c7\u00fcnk\u00fc &#8220;Siz \u00d6zelsiniz&#8221;"},"content":{"rendered":"<p><img decoding=\"async\" loading=\"lazy\" class=\"alignnone wp-image-2177 size-full\" src=\"http:\/\/grafikegitimkursu.com\/wp-content\/uploads\/2016\/02\/Untitled-2.jpg\" alt=\"Untitled-2\" width=\"1003\" height=\"354\" \/><\/p>\n<p><strong>S\u0131n\u0131flar Ka\u00e7 Ki\u015filik?<\/strong><\/p>\n<p style=\"text-align: justify;\">S\u0131n\u0131flar\u0131m\u0131z\u0131\u00a04 ki\u015filik Mac ve 6 ki\u015filik Pc s\u0131n\u0131flar\u0131 olarak, kalabal\u0131kta de\u011fil e\u011fitmenlerle birebir ders i\u015flenebilen, benzersiz bir e\u011fitim sistemiyle, \u00f6\u011frencilerimizin derse olan dikkatlerini en \u00fcst d\u00fczeyde tutmalar\u0131n\u0131 sa\u011flamak \u00fczere tasarlad\u0131k. Bu sistem &#8220;tektir&#8221;, sadece sizin \u00fcst\u00fcn\u00fcze g\u00f6re dikilen \u00f6zel bir tasar\u0131m k\u0131yafet gibi d\u00fc\u015f\u00fcnebilirsiniz, e\u015fi yoktur. Gereksiz bilgilerle sizin zaman\u0131n\u0131z ve paran\u0131z bo\u015fa harcanmaz.<\/p>\n<p><strong>Hangi Programlar \u00d6\u011fretiliyor?<\/strong><\/p>\n<p style=\"text-align: justify;\">Biz \u00a0program \u00f6\u011fretmiyoruz, size grafik tasar\u0131m\u0131n mant\u0131\u011f\u0131n\u0131, uygulamas\u0131n\u0131 ve sonu\u00e7 odakl\u0131 kazan\u0131m\u0131n\u0131 sunuyoruz.\u00a0\u0130lk dersten itibaren bu fark\u0131 kendiniz hissedeceksiniz.\u00a0Hi\u00e7bir yerde \u00f6\u011fretilmeyen uygulamal\u0131 p\u00fcf noktalar\u0131 burada \u00f6\u011frenirsiniz.<\/p>\n<p><strong>Kurslar\u0131n s\u00fcresi\u00a0?<\/strong><\/p>\n<p style=\"text-align: justify;\">16 hafta gibi bir s\u00fcrede sekt\u00f6re haz\u0131r hale gelirsiniz. Belirtilen kurs s\u00fcreleri asgari s\u00fcrelerdir, bu s\u00fcre sonunda sekt\u00f6re dair her t\u00fcrl\u00fc bilgiyi alm\u0131\u015f olacaks\u0131n\u0131z.\u00a0Ancak i\u015fe ba\u015flad\u0131\u011f\u0131n\u0131zda ya da yapt\u0131\u011f\u0131n\u0131z pratikler esnas\u0131nda tak\u0131ld\u0131\u011f\u0131n\u0131z noktalar\u0131 e\u011fitmenlerimize her zaman dan\u0131\u015fabilirsiniz.\u00a0\u00d6\u011frencilerimize sundu\u011fumuz e\u011fitim ko\u00e7lu\u011fu hizmetimiz, sizin meslek hayat\u0131n\u0131z boyunca devam edecektir.<\/p>\n<p style=\"text-align: justify;\">\n","protected":false},"excerpt":{"rendered":"<p>S\u0131n\u0131flar Ka\u00e7 Ki\u015filik? S\u0131n\u0131flar\u0131m\u0131z\u0131\u00a04 ki\u015filik Mac ve 6 ki\u015filik Pc s\u0131n\u0131flar\u0131 olarak, kalabal\u0131kta de\u011fil e\u011fitmenlerle birebir ders i\u015flenebilen, benzersiz bir e\u011fitim sistemiyle, \u00f6\u011frencilerimizin derse olan dikkatlerini en \u00fcst d\u00fczeyde tutmalar\u0131n\u0131 sa\u011flamak \u00fczere tasarlad\u0131k. Bu sistem &#8220;tektir&#8221;, sadece sizin \u00fcst\u00fcn\u00fcze g\u00f6re dikilen \u00f6zel bir tasar\u0131m k\u0131yafet gibi d\u00fc\u015f\u00fcnebilirsiniz, e\u015fi yoktur. Gereksiz bilgilerle sizin zaman\u0131n\u0131z ve paran\u0131z [&hellip;]<\/p>\n","protected":false},"author":1,"featured_media":0,"parent":0,"menu_order":0,"comment_status":"closed","ping_status":"closed","template":"","meta":[],"yoast_head":"<!-- This site is optimized with the Yoast SEO plugin v20.7 - https:\/\/yoast.com\/wordpress\/plugins\/seo\/ -->\n<title>\u00d6zel S\u0131n\u0131flar: \u00c7\u00fcnk\u00fc &quot;Siz \u00d6zelsiniz&quot; - GEK | Grafik E\u011fitim Kurumu<\/title>\n<meta name=\"robots\" content=\"index, follow, max-snippet:-1, max-image-preview:large, max-video-preview:-1\" \/>\n<link rel=\"canonical\" href=\"https:\/\/www.grafikegitimkursu.com\/?page_id=2029\" \/>\n<meta property=\"og:locale\" content=\"tr_TR\" \/>\n<meta property=\"og:type\" content=\"article\" \/>\n<meta property=\"og:title\" content=\"\u00d6zel S\u0131n\u0131flar: \u00c7\u00fcnk\u00fc &quot;Siz \u00d6zelsiniz&quot; - GEK | Grafik E\u011fitim Kurumu\" \/>\n<meta property=\"og:description\" content=\"S\u0131n\u0131flar Ka\u00e7 Ki\u015filik? S\u0131n\u0131flar\u0131m\u0131z\u0131\u00a04 ki\u015filik Mac ve 6 ki\u015filik Pc s\u0131n\u0131flar\u0131 olarak, kalabal\u0131kta de\u011fil e\u011fitmenlerle birebir ders i\u015flenebilen, benzersiz bir e\u011fitim sistemiyle, \u00f6\u011frencilerimizin derse olan dikkatlerini en \u00fcst d\u00fczeyde tutmalar\u0131n\u0131 sa\u011flamak \u00fczere tasarlad\u0131k. Bu sistem &#8220;tektir&#8221;, sadece sizin \u00fcst\u00fcn\u00fcze g\u00f6re dikilen \u00f6zel bir tasar\u0131m k\u0131yafet gibi d\u00fc\u015f\u00fcnebilirsiniz, e\u015fi yoktur. Gereksiz bilgilerle sizin zaman\u0131n\u0131z ve paran\u0131z [&hellip;]\" \/>\n<meta property=\"og:url\" content=\"https:\/\/www.grafikegitimkursu.com\/?page_id=2029\" \/>\n<meta property=\"og:site_name\" content=\"GEK | Grafik E\u011fitim Kurumu\" \/>\n<meta property=\"article:publisher\" content=\"https:\/\/www.facebook.com\/grafikegitimkursu\/\" \/>\n<meta property=\"article:modified_time\" content=\"2016-02-08T21:56:21+00:00\" \/>\n<meta property=\"og:image\" content=\"http:\/\/grafikegitimkursu.com\/wp-content\/uploads\/2016\/02\/Untitled-2.jpg\" \/>\n<meta name=\"twitter:card\" content=\"summary_large_image\" \/>\n<meta name=\"twitter:label1\" content=\"Tahmini okuma s\u00fcresi\" \/>\n\t<meta name=\"twitter:data1\" content=\"1 dakika\" \/>\n<script type=\"application\/ld+json\" class=\"yoast-schema-graph\">{\"@context\":\"https:\/\/schema.org\",\"@graph\":[{\"@type\":\"WebPage\",\"@id\":\"https:\/\/www.grafikegitimkursu.com\/?page_id=2029\",\"url\":\"https:\/\/www.grafikegitimkursu.com\/?page_id=2029\",\"name\":\"\u00d6zel S\u0131n\u0131flar: \u00c7\u00fcnk\u00fc \\\"Siz \u00d6zelsiniz\\\" - GEK | Grafik E\u011fitim Kurumu\",\"isPartOf\":{\"@id\":\"https:\/\/www.grafikegitimkursu.com\/#website\"},\"datePublished\":\"2016-02-06T23:50:16+00:00\",\"dateModified\":\"2016-02-08T21:56:21+00:00\",\"breadcrumb\":{\"@id\":\"https:\/\/www.grafikegitimkursu.com\/?page_id=2029#breadcrumb\"},\"inLanguage\":\"tr\",\"potentialAction\":[{\"@type\":\"ReadAction\",\"target\":[\"https:\/\/www.grafikegitimkursu.com\/?page_id=2029\"]}]},{\"@type\":\"BreadcrumbList\",\"@id\":\"https:\/\/www.grafikegitimkursu.com\/?page_id=2029#breadcrumb\",\"itemListElement\":[{\"@type\":\"ListItem\",\"position\":1,\"name\":\"Ana sayfa\",\"item\":\"https:\/\/www.grafikegitimkursu.com\/\"},{\"@type\":\"ListItem\",\"position\":2,\"name\":\"\u00d6zel S\u0131n\u0131flar: \u00c7\u00fcnk\u00fc &#8220;Siz \u00d6zelsiniz&#8221;\"}]},{\"@type\":\"WebSite\",\"@id\":\"https:\/\/www.grafikegitimkursu.com\/#website\",\"url\":\"https:\/\/www.grafikegitimkursu.com\/\",\"name\":\"GEK | Grafik E\u011fitim Kurumu\",\"description\":\"Sen de Tasarlayabilirsin !\",\"publisher\":{\"@id\":\"https:\/\/www.grafikegitimkursu.com\/#organization\"},\"potentialAction\":[{\"@type\":\"SearchAction\",\"target\":{\"@type\":\"EntryPoint\",\"urlTemplate\":\"https:\/\/www.grafikegitimkursu.com\/?s={search_term_string}\"},\"query-input\":\"required name=search_term_string\"}],\"inLanguage\":\"tr\"},{\"@type\":\"Organization\",\"@id\":\"https:\/\/www.grafikegitimkursu.com\/#organization\",\"name\":\"GRAF\u0130K E\u011e\u0130T\u0130M KURUMU\",\"url\":\"https:\/\/www.grafikegitimkursu.com\/\",\"logo\":{\"@type\":\"ImageObject\",\"inLanguage\":\"tr\",\"@id\":\"https:\/\/www.grafikegitimkursu.com\/#\/schema\/logo\/image\/\",\"url\":\"https:\/\/i2.wp.com\/www.grafikegitimkursu.com\/wp-content\/uploads\/2016\/02\/logo-son1.png?fit=494%2C110&ssl=1\",\"contentUrl\":\"https:\/\/i2.wp.com\/www.grafikegitimkursu.com\/wp-content\/uploads\/2016\/02\/logo-son1.png?fit=494%2C110&ssl=1\",\"width\":494,\"height\":110,\"caption\":\"GRAF\u0130K E\u011e\u0130T\u0130M KURUMU\"},\"image\":{\"@id\":\"https:\/\/www.grafikegitimkursu.com\/#\/schema\/logo\/image\/\"},\"sameAs\":[\"https:\/\/www.facebook.com\/grafikegitimkursu\/\",\"https:\/\/www.instagram.com\/grafikegitimkursu\/\"]}]}<\/script>\n<!-- \/ Yoast SEO plugin. -->","yoast_head_json":{"title":"\u00d6zel S\u0131n\u0131flar: \u00c7\u00fcnk\u00fc \"Siz \u00d6zelsiniz\" - GEK | Grafik E\u011fitim Kurumu","robots":{"index":"index","follow":"follow","max-snippet":"max-snippet:-1","max-image-preview":"max-image-preview:large","max-video-preview":"max-video-preview:-1"},"canonical":"https:\/\/www.grafikegitimkursu.com\/?page_id=2029","og_locale":"tr_TR","og_type":"article","og_title":"\u00d6zel S\u0131n\u0131flar: \u00c7\u00fcnk\u00fc \"Siz \u00d6zelsiniz\" - GEK | Grafik E\u011fitim Kurumu","og_description":"S\u0131n\u0131flar Ka\u00e7 Ki\u015filik? S\u0131n\u0131flar\u0131m\u0131z\u0131\u00a04 ki\u015filik Mac ve 6 ki\u015filik Pc s\u0131n\u0131flar\u0131 olarak, kalabal\u0131kta de\u011fil e\u011fitmenlerle birebir ders i\u015flenebilen, benzersiz bir e\u011fitim sistemiyle, \u00f6\u011frencilerimizin derse olan dikkatlerini en \u00fcst d\u00fczeyde tutmalar\u0131n\u0131 sa\u011flamak \u00fczere tasarlad\u0131k. Bu sistem &#8220;tektir&#8221;, sadece sizin \u00fcst\u00fcn\u00fcze g\u00f6re dikilen \u00f6zel bir tasar\u0131m k\u0131yafet gibi d\u00fc\u015f\u00fcnebilirsiniz, e\u015fi yoktur. Gereksiz bilgilerle sizin zaman\u0131n\u0131z ve paran\u0131z [&hellip;]","og_url":"https:\/\/www.grafikegitimkursu.com\/?page_id=2029","og_site_name":"GEK | Grafik E\u011fitim Kurumu","article_publisher":"https:\/\/www.facebook.com\/grafikegitimkursu\/","article_modified_time":"2016-02-08T21:56:21+00:00","og_image":[{"url":"http:\/\/grafikegitimkursu.com\/wp-content\/uploads\/2016\/02\/Untitled-2.jpg"}],"twitter_card":"summary_large_image","twitter_misc":{"Tahmini okuma s\u00fcresi":"1 dakika"},"schema":{"@context":"https:\/\/schema.org","@graph":[{"@type":"WebPage","@id":"https:\/\/www.grafikegitimkursu.com\/?page_id=2029","url":"https:\/\/www.grafikegitimkursu.com\/?page_id=2029","name":"\u00d6zel S\u0131n\u0131flar: \u00c7\u00fcnk\u00fc \"Siz \u00d6zelsiniz\" - GEK | Grafik E\u011fitim Kurumu","isPartOf":{"@id":"https:\/\/www.grafikegitimkursu.com\/#website"},"datePublished":"2016-02-06T23:50:16+00:00","dateModified":"2016-02-08T21:56:21+00:00","breadcrumb":{"@id":"https:\/\/www.grafikegitimkursu.com\/?page_id=2029#breadcrumb"},"inLanguage":"tr","potentialAction":[{"@type":"ReadAction","target":["https:\/\/www.grafikegitimkursu.com\/?page_id=2029"]}]},{"@type":"BreadcrumbList","@id":"https:\/\/www.grafikegitimkursu.com\/?page_id=2029#breadcrumb","itemListElement":[{"@type":"ListItem","position":1,"name":"Ana sayfa","item":"https:\/\/www.grafikegitimkursu.com\/"},{"@type":"ListItem","position":2,"name":"\u00d6zel S\u0131n\u0131flar: \u00c7\u00fcnk\u00fc &#8220;Siz \u00d6zelsiniz&#8221;"}]},{"@type":"WebSite","@id":"https:\/\/www.grafikegitimkursu.com\/#website","url":"https:\/\/www.grafikegitimkursu.com\/","name":"GEK | Grafik E\u011fitim Kurumu","description":"Sen de Tasarlayabilirsin !","publisher":{"@id":"https:\/\/www.grafikegitimkursu.com\/#organization"},"potentialAction":[{"@type":"SearchAction","target":{"@type":"EntryPoint","urlTemplate":"https:\/\/www.grafikegitimkursu.com\/?s={search_term_string}"},"query-input":"required name=search_term_string"}],"inLanguage":"tr"},{"@type":"Organization","@id":"https:\/\/www.grafikegitimkursu.com\/#organization","name":"GRAF\u0130K E\u011e\u0130T\u0130M KURUMU","url":"https:\/\/www.grafikegitimkursu.com\/","logo":{"@type":"ImageObject","inLanguage":"tr","@id":"https:\/\/www.grafikegitimkursu.com\/#\/schema\/logo\/image\/","url":"https:\/\/i2.wp.com\/www.grafikegitimkursu.com\/wp-content\/uploads\/2016\/02\/logo-son1.png?fit=494%2C110&ssl=1","contentUrl":"https:\/\/i2.wp.com\/www.grafikegitimkursu.com\/wp-content\/uploads\/2016\/02\/logo-son1.png?fit=494%2C110&ssl=1","width":494,"height":110,"caption":"GRAF\u0130K E\u011e\u0130T\u0130M KURUMU"},"image":{"@id":"https:\/\/www.grafikegitimkursu.com\/#\/schema\/logo\/image\/"},"sameAs":["https:\/\/www.facebook.com\/grafikegitimkursu\/","https:\/\/www.instagram.com\/grafikegitimkursu\/"]}]}},"_links":{"self":[{"href":"https:\/\/www.grafikegitimkursu.com\/index.php?rest_route=\/wp\/v2\/pages\/2029"}],"collection":[{"href":"https:\/\/www.grafikegitimkursu.com\/index.php?rest_route=\/wp\/v2\/pages"}],"about":[{"href":"https:\/\/www.grafikegitimkursu.com\/index.php?rest_route=\/wp\/v2\/types\/page"}],"author":[{"embeddable":true,"href":"https:\/\/www.grafikegitimkursu.com\/index.php?rest_route=\/wp\/v2\/users\/1"}],"replies":[{"embeddable":true,"href":"https:\/\/www.grafikegitimkursu.com\/index.php?rest_route=%2Fwp%2Fv2%2Fcomments&post=2029"}],"version-history":[{"count":0,"href":"https:\/\/www.grafikegitimkursu.com\/index.php?rest_route=\/wp\/v2\/pages\/2029\/revisions"}],"wp:attachment":[{"href":"https:\/\/www.grafikegitimkursu.com\/index.php?rest_route=%2Fwp%2Fv2%2Fmedia&parent=2029"}],"curies":[{"name":"wp","href":"https:\/\/api.w.org\/{rel}","templated":true}]}}