{"id":2048,"date":"2016-02-07T03:19:23","date_gmt":"2016-02-07T01:19:23","guid":{"rendered":"http:\/\/grafikegitimkursu.com\/?page_id=2048"},"modified":"2022-01-05T14:39:06","modified_gmt":"2022-01-05T11:39:06","slug":"neden-bizi-secmelisiniz-iste-farkimiz","status":"publish","type":"page","link":"https:\/\/www.grafikegitimkursu.com\/?page_id=2048","title":{"rendered":"Neden Bizi Se\u00e7melisiniz? \u0130\u015fte Fark\u0131m\u0131z:"},"content":{"rendered":"<h3><img decoding=\"async\" loading=\"lazy\" class=\"aligncenter size-full wp-image-2898\" src=\"https:\/\/www.grafikegitimkursu.com\/wp-content\/uploads\/2022\/01\/neden-biz.jpg\" alt=\"\" width=\"1024\" height=\"289\" \/>Neden\u00a0 Grafik Tasar\u0131m Kursu?<\/h3>\n<p style=\"text-align: justify;\">Pek \u00e7ok kurum &#8220;Grafik Tasar\u0131m E\u011fitimi&#8221; slogan\u0131yla yola \u00e7\u0131kar, ancak sunduklar\u0131 size \u00f6zel bir sistem de\u011fildir. \u0130htiya\u00e7lar\u0131n\u0131z\u0131n pek \u00e7o\u011funu kar\u015f\u0131lamaz. \u00c7\u00fcnk\u00fc bir program\u0131n aray\u00fcz \u00f6\u011fretisini size sunarlar. Ba\u015far\u0131l\u0131 bir pazarlama takti\u011finin \u00f6tesine ge\u00e7emeyen bu e\u011fitimler size, istedi\u011finiz sonu\u00e7lar\u0131 vermekten \u00e7ok uzakt\u0131r. Oysa, Grafik Tasar\u0131m Kursu&#8217;nda dersler %100 sonu\u00e7 odakl\u0131 ve uygulamal\u0131 \u00f6zel ders niteli\u011findedir. S\u0131n\u0131flar\u0131m\u0131zda kursiyerlere birebir formatta verdi\u011fimiz e\u011fitimle, sekt\u00f6r\u00fcn ihtiyac\u0131 olan nitelikli, donan\u0131ml\u0131 tasar\u0131mc\u0131lar yeti\u015ftirmek bizim i\u015fimiz, sundu\u011fumuz benzersiz e\u011fitim modeli ile fark yarat\u0131yoruz. Kursiyerlerimizin memnuniyeti bunun en b\u00fcy\u00fck ispat\u0131d\u0131r diye d\u00fc\u015f\u00fcnmeden edemiyoruz.<\/p>\n<h3 style=\"text-align: justify;\">Ne Fark Var?<\/h3>\n<p style=\"text-align: justify;\">Grafik Tasar\u0131m Kursu: <span style=\"text-decoration: underline;\">sadece \u201cGrafik Tasar\u0131m E\u011fitimi\u201d veren b\u00f6lgenin ilk ve tek kurumudur,<\/span> 30 y\u0131ll\u0131k deneyimin verdi\u011fi tecr\u00fcbe ile, biz en iyi bildi\u011fimiz i\u015fi yap\u0131yoruz. \u00a0Sizin ihtiya\u00e7 ve beklentilerinizi anl\u0131yoruz\u2026 Ayn\u0131 \u015fekilde sekt\u00f6rdeki piyasa ko\u015fullar\u0131n\u0131 ve i\u015fveren beklentilerini de yak\u0131ndan takip ediyoruz. Almak istedi\u011finiz e\u011fitimi <strong>\u00d6zel Bursa Grafik Tasar\u0131m Kursu<\/strong>&#8216;ndan al\u0131rs\u0131n\u0131z.<\/p>\n<h3>Unutma: Sen de Tasarlayabilirsin!<\/h3>\n","protected":false},"excerpt":{"rendered":"<p>Neden\u00a0 Grafik Tasar\u0131m Kursu? Pek \u00e7ok kurum &#8220;Grafik Tasar\u0131m E\u011fitimi&#8221; slogan\u0131yla yola \u00e7\u0131kar, ancak sunduklar\u0131 size \u00f6zel bir sistem de\u011fildir. \u0130htiya\u00e7lar\u0131n\u0131z\u0131n pek \u00e7o\u011funu kar\u015f\u0131lamaz. \u00c7\u00fcnk\u00fc bir program\u0131n aray\u00fcz \u00f6\u011fretisini size sunarlar. Ba\u015far\u0131l\u0131 bir pazarlama takti\u011finin \u00f6tesine ge\u00e7emeyen bu e\u011fitimler size, istedi\u011finiz sonu\u00e7lar\u0131 vermekten \u00e7ok uzakt\u0131r. Oysa, Grafik Tasar\u0131m Kursu&#8217;nda dersler %100 sonu\u00e7 odakl\u0131 ve uygulamal\u0131 [&hellip;]<\/p>\n","protected":false},"author":1,"featured_media":0,"parent":0,"menu_order":0,"comment_status":"closed","ping_status":"closed","template":"","meta":[],"yoast_head":"<!-- This site is optimized with the Yoast SEO plugin v20.7 - https:\/\/yoast.com\/wordpress\/plugins\/seo\/ -->\n<title>Neden Bizi Se\u00e7melisiniz? \u0130\u015fte Fark\u0131m\u0131z: - GEK | Grafik E\u011fitim Kurumu<\/title>\n<meta name=\"robots\" content=\"index, follow, max-snippet:-1, max-image-preview:large, max-video-preview:-1\" \/>\n<link rel=\"canonical\" href=\"https:\/\/www.grafikegitimkursu.com\/?page_id=2048\" \/>\n<meta property=\"og:locale\" content=\"tr_TR\" \/>\n<meta property=\"og:type\" content=\"article\" \/>\n<meta property=\"og:title\" content=\"Neden Bizi Se\u00e7melisiniz? \u0130\u015fte Fark\u0131m\u0131z: - GEK | Grafik E\u011fitim Kurumu\" \/>\n<meta property=\"og:description\" content=\"Neden\u00a0 Grafik Tasar\u0131m Kursu? Pek \u00e7ok kurum &#8220;Grafik Tasar\u0131m E\u011fitimi&#8221; slogan\u0131yla yola \u00e7\u0131kar, ancak sunduklar\u0131 size \u00f6zel bir sistem de\u011fildir. \u0130htiya\u00e7lar\u0131n\u0131z\u0131n pek \u00e7o\u011funu kar\u015f\u0131lamaz. \u00c7\u00fcnk\u00fc bir program\u0131n aray\u00fcz \u00f6\u011fretisini size sunarlar. Ba\u015far\u0131l\u0131 bir pazarlama takti\u011finin \u00f6tesine ge\u00e7emeyen bu e\u011fitimler size, istedi\u011finiz sonu\u00e7lar\u0131 vermekten \u00e7ok uzakt\u0131r. Oysa, Grafik Tasar\u0131m Kursu&#8217;nda dersler %100 sonu\u00e7 odakl\u0131 ve uygulamal\u0131 [&hellip;]\" \/>\n<meta property=\"og:url\" content=\"https:\/\/www.grafikegitimkursu.com\/?page_id=2048\" \/>\n<meta property=\"og:site_name\" content=\"GEK | Grafik E\u011fitim Kurumu\" \/>\n<meta property=\"article:publisher\" content=\"https:\/\/www.facebook.com\/grafikegitimkursu\/\" \/>\n<meta property=\"article:modified_time\" content=\"2022-01-05T11:39:06+00:00\" \/>\n<meta property=\"og:image\" content=\"https:\/\/www.grafikegitimkursu.com\/wp-content\/uploads\/2022\/01\/neden-biz.jpg\" \/>\n<meta name=\"twitter:card\" content=\"summary_large_image\" \/>\n<meta name=\"twitter:label1\" content=\"Tahmini okuma s\u00fcresi\" \/>\n\t<meta name=\"twitter:data1\" content=\"2 dakika\" \/>\n<script type=\"application\/ld+json\" class=\"yoast-schema-graph\">{\"@context\":\"https:\/\/schema.org\",\"@graph\":[{\"@type\":\"WebPage\",\"@id\":\"https:\/\/www.grafikegitimkursu.com\/?page_id=2048\",\"url\":\"https:\/\/www.grafikegitimkursu.com\/?page_id=2048\",\"name\":\"Neden Bizi Se\u00e7melisiniz? \u0130\u015fte Fark\u0131m\u0131z: - GEK | Grafik E\u011fitim Kurumu\",\"isPartOf\":{\"@id\":\"https:\/\/www.grafikegitimkursu.com\/#website\"},\"datePublished\":\"2016-02-07T01:19:23+00:00\",\"dateModified\":\"2022-01-05T11:39:06+00:00\",\"breadcrumb\":{\"@id\":\"https:\/\/www.grafikegitimkursu.com\/?page_id=2048#breadcrumb\"},\"inLanguage\":\"tr\",\"potentialAction\":[{\"@type\":\"ReadAction\",\"target\":[\"https:\/\/www.grafikegitimkursu.com\/?page_id=2048\"]}]},{\"@type\":\"BreadcrumbList\",\"@id\":\"https:\/\/www.grafikegitimkursu.com\/?page_id=2048#breadcrumb\",\"itemListElement\":[{\"@type\":\"ListItem\",\"position\":1,\"name\":\"Ana sayfa\",\"item\":\"https:\/\/www.grafikegitimkursu.com\/\"},{\"@type\":\"ListItem\",\"position\":2,\"name\":\"Neden Bizi Se\u00e7melisiniz? \u0130\u015fte Fark\u0131m\u0131z:\"}]},{\"@type\":\"WebSite\",\"@id\":\"https:\/\/www.grafikegitimkursu.com\/#website\",\"url\":\"https:\/\/www.grafikegitimkursu.com\/\",\"name\":\"GEK | Grafik E\u011fitim Kurumu\",\"description\":\"Sen de Tasarlayabilirsin !\",\"publisher\":{\"@id\":\"https:\/\/www.grafikegitimkursu.com\/#organization\"},\"potentialAction\":[{\"@type\":\"SearchAction\",\"target\":{\"@type\":\"EntryPoint\",\"urlTemplate\":\"https:\/\/www.grafikegitimkursu.com\/?s={search_term_string}\"},\"query-input\":\"required name=search_term_string\"}],\"inLanguage\":\"tr\"},{\"@type\":\"Organization\",\"@id\":\"https:\/\/www.grafikegitimkursu.com\/#organization\",\"name\":\"GRAF\u0130K E\u011e\u0130T\u0130M KURUMU\",\"url\":\"https:\/\/www.grafikegitimkursu.com\/\",\"logo\":{\"@type\":\"ImageObject\",\"inLanguage\":\"tr\",\"@id\":\"https:\/\/www.grafikegitimkursu.com\/#\/schema\/logo\/image\/\",\"url\":\"https:\/\/i2.wp.com\/www.grafikegitimkursu.com\/wp-content\/uploads\/2016\/02\/logo-son1.png?fit=494%2C110&ssl=1\",\"contentUrl\":\"https:\/\/i2.wp.com\/www.grafikegitimkursu.com\/wp-content\/uploads\/2016\/02\/logo-son1.png?fit=494%2C110&ssl=1\",\"width\":494,\"height\":110,\"caption\":\"GRAF\u0130K E\u011e\u0130T\u0130M KURUMU\"},\"image\":{\"@id\":\"https:\/\/www.grafikegitimkursu.com\/#\/schema\/logo\/image\/\"},\"sameAs\":[\"https:\/\/www.facebook.com\/grafikegitimkursu\/\",\"https:\/\/www.instagram.com\/grafikegitimkursu\/\"]}]}<\/script>\n<!-- \/ Yoast SEO plugin. -->","yoast_head_json":{"title":"Neden Bizi Se\u00e7melisiniz? \u0130\u015fte Fark\u0131m\u0131z: - GEK | Grafik E\u011fitim Kurumu","robots":{"index":"index","follow":"follow","max-snippet":"max-snippet:-1","max-image-preview":"max-image-preview:large","max-video-preview":"max-video-preview:-1"},"canonical":"https:\/\/www.grafikegitimkursu.com\/?page_id=2048","og_locale":"tr_TR","og_type":"article","og_title":"Neden Bizi Se\u00e7melisiniz? \u0130\u015fte Fark\u0131m\u0131z: - GEK | Grafik E\u011fitim Kurumu","og_description":"Neden\u00a0 Grafik Tasar\u0131m Kursu? Pek \u00e7ok kurum &#8220;Grafik Tasar\u0131m E\u011fitimi&#8221; slogan\u0131yla yola \u00e7\u0131kar, ancak sunduklar\u0131 size \u00f6zel bir sistem de\u011fildir. \u0130htiya\u00e7lar\u0131n\u0131z\u0131n pek \u00e7o\u011funu kar\u015f\u0131lamaz. \u00c7\u00fcnk\u00fc bir program\u0131n aray\u00fcz \u00f6\u011fretisini size sunarlar. Ba\u015far\u0131l\u0131 bir pazarlama takti\u011finin \u00f6tesine ge\u00e7emeyen bu e\u011fitimler size, istedi\u011finiz sonu\u00e7lar\u0131 vermekten \u00e7ok uzakt\u0131r. Oysa, Grafik Tasar\u0131m Kursu&#8217;nda dersler %100 sonu\u00e7 odakl\u0131 ve uygulamal\u0131 [&hellip;]","og_url":"https:\/\/www.grafikegitimkursu.com\/?page_id=2048","og_site_name":"GEK | Grafik E\u011fitim Kurumu","article_publisher":"https:\/\/www.facebook.com\/grafikegitimkursu\/","article_modified_time":"2022-01-05T11:39:06+00:00","og_image":[{"url":"https:\/\/www.grafikegitimkursu.com\/wp-content\/uploads\/2022\/01\/neden-biz.jpg"}],"twitter_card":"summary_large_image","twitter_misc":{"Tahmini okuma s\u00fcresi":"2 dakika"},"schema":{"@context":"https:\/\/schema.org","@graph":[{"@type":"WebPage","@id":"https:\/\/www.grafikegitimkursu.com\/?page_id=2048","url":"https:\/\/www.grafikegitimkursu.com\/?page_id=2048","name":"Neden Bizi Se\u00e7melisiniz? \u0130\u015fte Fark\u0131m\u0131z: - GEK | Grafik E\u011fitim Kurumu","isPartOf":{"@id":"https:\/\/www.grafikegitimkursu.com\/#website"},"datePublished":"2016-02-07T01:19:23+00:00","dateModified":"2022-01-05T11:39:06+00:00","breadcrumb":{"@id":"https:\/\/www.grafikegitimkursu.com\/?page_id=2048#breadcrumb"},"inLanguage":"tr","potentialAction":[{"@type":"ReadAction","target":["https:\/\/www.grafikegitimkursu.com\/?page_id=2048"]}]},{"@type":"BreadcrumbList","@id":"https:\/\/www.grafikegitimkursu.com\/?page_id=2048#breadcrumb","itemListElement":[{"@type":"ListItem","position":1,"name":"Ana sayfa","item":"https:\/\/www.grafikegitimkursu.com\/"},{"@type":"ListItem","position":2,"name":"Neden Bizi Se\u00e7melisiniz? \u0130\u015fte Fark\u0131m\u0131z:"}]},{"@type":"WebSite","@id":"https:\/\/www.grafikegitimkursu.com\/#website","url":"https:\/\/www.grafikegitimkursu.com\/","name":"GEK | Grafik E\u011fitim Kurumu","description":"Sen de Tasarlayabilirsin !","publisher":{"@id":"https:\/\/www.grafikegitimkursu.com\/#organization"},"potentialAction":[{"@type":"SearchAction","target":{"@type":"EntryPoint","urlTemplate":"https:\/\/www.grafikegitimkursu.com\/?s={search_term_string}"},"query-input":"required name=search_term_string"}],"inLanguage":"tr"},{"@type":"Organization","@id":"https:\/\/www.grafikegitimkursu.com\/#organization","name":"GRAF\u0130K E\u011e\u0130T\u0130M KURUMU","url":"https:\/\/www.grafikegitimkursu.com\/","logo":{"@type":"ImageObject","inLanguage":"tr","@id":"https:\/\/www.grafikegitimkursu.com\/#\/schema\/logo\/image\/","url":"https:\/\/i2.wp.com\/www.grafikegitimkursu.com\/wp-content\/uploads\/2016\/02\/logo-son1.png?fit=494%2C110&ssl=1","contentUrl":"https:\/\/i2.wp.com\/www.grafikegitimkursu.com\/wp-content\/uploads\/2016\/02\/logo-son1.png?fit=494%2C110&ssl=1","width":494,"height":110,"caption":"GRAF\u0130K E\u011e\u0130T\u0130M KURUMU"},"image":{"@id":"https:\/\/www.grafikegitimkursu.com\/#\/schema\/logo\/image\/"},"sameAs":["https:\/\/www.facebook.com\/grafikegitimkursu\/","https:\/\/www.instagram.com\/grafikegitimkursu\/"]}]}},"_links":{"self":[{"href":"https:\/\/www.grafikegitimkursu.com\/index.php?rest_route=\/wp\/v2\/pages\/2048"}],"collection":[{"href":"https:\/\/www.grafikegitimkursu.com\/index.php?rest_route=\/wp\/v2\/pages"}],"about":[{"href":"https:\/\/www.grafikegitimkursu.com\/index.php?rest_route=\/wp\/v2\/types\/page"}],"author":[{"embeddable":true,"href":"https:\/\/www.grafikegitimkursu.com\/index.php?rest_route=\/wp\/v2\/users\/1"}],"replies":[{"embeddable":true,"href":"https:\/\/www.grafikegitimkursu.com\/index.php?rest_route=%2Fwp%2Fv2%2Fcomments&post=2048"}],"version-history":[{"count":0,"href":"https:\/\/www.grafikegitimkursu.com\/index.php?rest_route=\/wp\/v2\/pages\/2048\/revisions"}],"wp:attachment":[{"href":"https:\/\/www.grafikegitimkursu.com\/index.php?rest_route=%2Fwp%2Fv2%2Fmedia&parent=2048"}],"curies":[{"name":"wp","href":"https:\/\/api.w.org\/{rel}","templated":true}]}}