{"id":2057,"date":"2016-02-07T05:03:14","date_gmt":"2016-02-07T03:03:14","guid":{"rendered":"http:\/\/grafikegitimkursu.com\/?page_id=2057"},"modified":"2019-08-11T19:13:30","modified_gmt":"2019-08-11T16:13:30","slug":"adobe-corel-sertifikasyonu","status":"publish","type":"page","link":"https:\/\/www.grafikegitimkursu.com\/?page_id=2057","title":{"rendered":"ADOBE &#038; COREL Sertifikasyonu"},"content":{"rendered":"<h3><img decoding=\"async\" loading=\"lazy\" class=\"aligncenter size-full wp-image-2058\" src=\"http:\/\/grafikegitimkursu.com\/wp-content\/uploads\/2016\/02\/sertifika-e1454814157540.jpg\" alt=\"sertifika\" width=\"1061\" height=\"250\" \/><\/h3>\n<h3>Sertifika Veriyor musunuz?<\/h3>\n<p style=\"text-align: justify;\">Grafikerlik en \u00e7ok ra\u011fbet g\u00f6ren mesleklerin ba\u015f\u0131nda gelmektedir. <strong>\u00d6zel Bursa Grafik Tasar\u0131m Kursu<\/strong> olarak: bilgisayar altyap\u0131s\u0131 olan, kendisine reklam ajanslar\u0131nda, matbaalarda, gazete, dergi, kitap bas\u0131m evlerinde, masa\u00fcst\u00fc yay\u0131nc\u0131l\u0131k, tekstil sekt\u00f6r\u00fcnde, a\u00e7\u0131k hava reklam alan\u0131nda kariyer haz\u0131rlamak isteyen herkesi bekliyoruz. Ayr\u0131ca e\u011fitimlerimize kat\u0131ld\u0131ktan sonra, alaca\u011f\u0131n\u0131z &#8220;Sertifika&#8221; ile bir\u00e7ok alanda i\u015f bulman\u0131z m\u00fcmk\u00fcn olacakt\u0131r. \u201cBelli bir alanda bilgi sahibi oldu\u011funuzu kan\u0131tlamak istiyorsan\u0131z, en pratik y\u00f6ntem o alana ili\u015fkin bir sertifika edinmektir.\u201d<\/p>\n<p style=\"text-align: justify;\">Belli bir konuda uzmanla\u015fman\u0131z\u0131 sa\u011flayan, yurt d\u0131\u015f\u0131nda i\u015f hayat\u0131 a\u00e7\u0131s\u0131ndan y\u00fcksek lisans programlar\u0131na alternatif olarak de\u011ferlendirilen,\u00a0\u00fclkemizde ise \u00fcniversite lisans diplomas\u0131ndan sonra\u00a0aranan nitelikli belgelerin en ba\u015f\u0131nda &#8220;Sertifika\u201d yer almaktad\u0131r. E\u011fitimlerimize kat\u0131l\u0131p devams\u0131zl\u0131\u011f\u0131 olmayan, ayr\u0131ca \u00f6dev ve projelerde ba\u015far\u0131 g\u00f6steren kursiyerlerimiz ald\u0131klar\u0131 e\u011fitimle ilgili \u201c<strong>Sertifika Belgesi<\/strong>\u201d almaya hak kazan\u0131r, bu belge bir \u00e7ok resmi ve \u00f6zel kurumda aran\u0131lan belgedir.<\/p>\n<h3>Unutmay\u0131n: &#8220;Siz de tasarlayabilirsiniz.&#8221;<\/h3>\n","protected":false},"excerpt":{"rendered":"<p>Sertifika Veriyor musunuz? Grafikerlik en \u00e7ok ra\u011fbet g\u00f6ren mesleklerin ba\u015f\u0131nda gelmektedir. \u00d6zel Bursa Grafik Tasar\u0131m Kursu olarak: bilgisayar altyap\u0131s\u0131 olan, kendisine reklam ajanslar\u0131nda, matbaalarda, gazete, dergi, kitap bas\u0131m evlerinde, masa\u00fcst\u00fc yay\u0131nc\u0131l\u0131k, tekstil sekt\u00f6r\u00fcnde, a\u00e7\u0131k hava reklam alan\u0131nda kariyer haz\u0131rlamak isteyen herkesi bekliyoruz. Ayr\u0131ca e\u011fitimlerimize kat\u0131ld\u0131ktan sonra, alaca\u011f\u0131n\u0131z &#8220;Sertifika&#8221; ile bir\u00e7ok alanda i\u015f bulman\u0131z m\u00fcmk\u00fcn olacakt\u0131r. [&hellip;]<\/p>\n","protected":false},"author":1,"featured_media":0,"parent":0,"menu_order":0,"comment_status":"closed","ping_status":"closed","template":"","meta":[],"yoast_head":"<!-- This site is optimized with the Yoast SEO plugin v20.7 - https:\/\/yoast.com\/wordpress\/plugins\/seo\/ -->\n<title>ADOBE &amp; COREL Setifikasyonu<\/title>\n<meta name=\"description\" content=\"Grafikerlik en \u00e7ok ra\u011fbet g\u00f6ren mesleklerin ba\u015f\u0131nda gelmektedir. \u00d6zel Bursa Grafik Tasar\u0131m Kursu olarak kariyer haz\u0131rlamak isteyen herkesi bekliyoruz.\" \/>\n<meta name=\"robots\" content=\"index, follow, max-snippet:-1, max-image-preview:large, max-video-preview:-1\" \/>\n<link rel=\"canonical\" href=\"https:\/\/www.grafikegitimkursu.com\/?page_id=2057\" \/>\n<meta property=\"og:locale\" content=\"tr_TR\" \/>\n<meta property=\"og:type\" content=\"article\" \/>\n<meta property=\"og:title\" content=\"ADOBE &amp; COREL Setifikasyonu\" \/>\n<meta property=\"og:description\" content=\"Grafikerlik en \u00e7ok ra\u011fbet g\u00f6ren mesleklerin ba\u015f\u0131nda gelmektedir. \u00d6zel Bursa Grafik Tasar\u0131m Kursu olarak kariyer haz\u0131rlamak isteyen herkesi bekliyoruz.\" \/>\n<meta property=\"og:url\" content=\"https:\/\/www.grafikegitimkursu.com\/?page_id=2057\" \/>\n<meta property=\"og:site_name\" content=\"GEK | Grafik E\u011fitim Kurumu\" \/>\n<meta property=\"article:publisher\" content=\"https:\/\/www.facebook.com\/grafikegitimkursu\/\" \/>\n<meta property=\"article:modified_time\" content=\"2019-08-11T16:13:30+00:00\" \/>\n<meta property=\"og:image\" content=\"http:\/\/grafikegitimkursu.com\/wp-content\/uploads\/2016\/02\/sertifika-e1454814157540.jpg\" \/>\n<meta name=\"twitter:card\" content=\"summary_large_image\" \/>\n<meta name=\"twitter:label1\" content=\"Tahmini okuma s\u00fcresi\" \/>\n\t<meta name=\"twitter:data1\" content=\"1 dakika\" \/>\n<script type=\"application\/ld+json\" class=\"yoast-schema-graph\">{\"@context\":\"https:\/\/schema.org\",\"@graph\":[{\"@type\":\"WebPage\",\"@id\":\"https:\/\/www.grafikegitimkursu.com\/?page_id=2057\",\"url\":\"https:\/\/www.grafikegitimkursu.com\/?page_id=2057\",\"name\":\"ADOBE & COREL Setifikasyonu\",\"isPartOf\":{\"@id\":\"https:\/\/www.grafikegitimkursu.com\/#website\"},\"datePublished\":\"2016-02-07T03:03:14+00:00\",\"dateModified\":\"2019-08-11T16:13:30+00:00\",\"description\":\"Grafikerlik en \u00e7ok ra\u011fbet g\u00f6ren mesleklerin ba\u015f\u0131nda gelmektedir. \u00d6zel Bursa Grafik Tasar\u0131m Kursu olarak kariyer haz\u0131rlamak isteyen herkesi bekliyoruz.\",\"breadcrumb\":{\"@id\":\"https:\/\/www.grafikegitimkursu.com\/?page_id=2057#breadcrumb\"},\"inLanguage\":\"tr\",\"potentialAction\":[{\"@type\":\"ReadAction\",\"target\":[\"https:\/\/www.grafikegitimkursu.com\/?page_id=2057\"]}]},{\"@type\":\"BreadcrumbList\",\"@id\":\"https:\/\/www.grafikegitimkursu.com\/?page_id=2057#breadcrumb\",\"itemListElement\":[{\"@type\":\"ListItem\",\"position\":1,\"name\":\"Ana sayfa\",\"item\":\"https:\/\/www.grafikegitimkursu.com\/\"},{\"@type\":\"ListItem\",\"position\":2,\"name\":\"ADOBE &#038; COREL Sertifikasyonu\"}]},{\"@type\":\"WebSite\",\"@id\":\"https:\/\/www.grafikegitimkursu.com\/#website\",\"url\":\"https:\/\/www.grafikegitimkursu.com\/\",\"name\":\"GEK | Grafik E\u011fitim Kurumu\",\"description\":\"Sen de Tasarlayabilirsin !\",\"publisher\":{\"@id\":\"https:\/\/www.grafikegitimkursu.com\/#organization\"},\"potentialAction\":[{\"@type\":\"SearchAction\",\"target\":{\"@type\":\"EntryPoint\",\"urlTemplate\":\"https:\/\/www.grafikegitimkursu.com\/?s={search_term_string}\"},\"query-input\":\"required name=search_term_string\"}],\"inLanguage\":\"tr\"},{\"@type\":\"Organization\",\"@id\":\"https:\/\/www.grafikegitimkursu.com\/#organization\",\"name\":\"GRAF\u0130K E\u011e\u0130T\u0130M KURUMU\",\"url\":\"https:\/\/www.grafikegitimkursu.com\/\",\"logo\":{\"@type\":\"ImageObject\",\"inLanguage\":\"tr\",\"@id\":\"https:\/\/www.grafikegitimkursu.com\/#\/schema\/logo\/image\/\",\"url\":\"https:\/\/i2.wp.com\/www.grafikegitimkursu.com\/wp-content\/uploads\/2016\/02\/logo-son1.png?fit=494%2C110&ssl=1\",\"contentUrl\":\"https:\/\/i2.wp.com\/www.grafikegitimkursu.com\/wp-content\/uploads\/2016\/02\/logo-son1.png?fit=494%2C110&ssl=1\",\"width\":494,\"height\":110,\"caption\":\"GRAF\u0130K E\u011e\u0130T\u0130M KURUMU\"},\"image\":{\"@id\":\"https:\/\/www.grafikegitimkursu.com\/#\/schema\/logo\/image\/\"},\"sameAs\":[\"https:\/\/www.facebook.com\/grafikegitimkursu\/\",\"https:\/\/www.instagram.com\/grafikegitimkursu\/\"]}]}<\/script>\n<!-- \/ Yoast SEO plugin. -->","yoast_head_json":{"title":"ADOBE & COREL Setifikasyonu","description":"Grafikerlik en \u00e7ok ra\u011fbet g\u00f6ren mesleklerin ba\u015f\u0131nda gelmektedir. \u00d6zel Bursa Grafik Tasar\u0131m Kursu olarak kariyer haz\u0131rlamak isteyen herkesi bekliyoruz.","robots":{"index":"index","follow":"follow","max-snippet":"max-snippet:-1","max-image-preview":"max-image-preview:large","max-video-preview":"max-video-preview:-1"},"canonical":"https:\/\/www.grafikegitimkursu.com\/?page_id=2057","og_locale":"tr_TR","og_type":"article","og_title":"ADOBE & COREL Setifikasyonu","og_description":"Grafikerlik en \u00e7ok ra\u011fbet g\u00f6ren mesleklerin ba\u015f\u0131nda gelmektedir. \u00d6zel Bursa Grafik Tasar\u0131m Kursu olarak kariyer haz\u0131rlamak isteyen herkesi bekliyoruz.","og_url":"https:\/\/www.grafikegitimkursu.com\/?page_id=2057","og_site_name":"GEK | Grafik E\u011fitim Kurumu","article_publisher":"https:\/\/www.facebook.com\/grafikegitimkursu\/","article_modified_time":"2019-08-11T16:13:30+00:00","og_image":[{"url":"http:\/\/grafikegitimkursu.com\/wp-content\/uploads\/2016\/02\/sertifika-e1454814157540.jpg"}],"twitter_card":"summary_large_image","twitter_misc":{"Tahmini okuma s\u00fcresi":"1 dakika"},"schema":{"@context":"https:\/\/schema.org","@graph":[{"@type":"WebPage","@id":"https:\/\/www.grafikegitimkursu.com\/?page_id=2057","url":"https:\/\/www.grafikegitimkursu.com\/?page_id=2057","name":"ADOBE & COREL Setifikasyonu","isPartOf":{"@id":"https:\/\/www.grafikegitimkursu.com\/#website"},"datePublished":"2016-02-07T03:03:14+00:00","dateModified":"2019-08-11T16:13:30+00:00","description":"Grafikerlik en \u00e7ok ra\u011fbet g\u00f6ren mesleklerin ba\u015f\u0131nda gelmektedir. \u00d6zel Bursa Grafik Tasar\u0131m Kursu olarak kariyer haz\u0131rlamak isteyen herkesi bekliyoruz.","breadcrumb":{"@id":"https:\/\/www.grafikegitimkursu.com\/?page_id=2057#breadcrumb"},"inLanguage":"tr","potentialAction":[{"@type":"ReadAction","target":["https:\/\/www.grafikegitimkursu.com\/?page_id=2057"]}]},{"@type":"BreadcrumbList","@id":"https:\/\/www.grafikegitimkursu.com\/?page_id=2057#breadcrumb","itemListElement":[{"@type":"ListItem","position":1,"name":"Ana sayfa","item":"https:\/\/www.grafikegitimkursu.com\/"},{"@type":"ListItem","position":2,"name":"ADOBE &#038; COREL Sertifikasyonu"}]},{"@type":"WebSite","@id":"https:\/\/www.grafikegitimkursu.com\/#website","url":"https:\/\/www.grafikegitimkursu.com\/","name":"GEK | Grafik E\u011fitim Kurumu","description":"Sen de Tasarlayabilirsin !","publisher":{"@id":"https:\/\/www.grafikegitimkursu.com\/#organization"},"potentialAction":[{"@type":"SearchAction","target":{"@type":"EntryPoint","urlTemplate":"https:\/\/www.grafikegitimkursu.com\/?s={search_term_string}"},"query-input":"required name=search_term_string"}],"inLanguage":"tr"},{"@type":"Organization","@id":"https:\/\/www.grafikegitimkursu.com\/#organization","name":"GRAF\u0130K E\u011e\u0130T\u0130M KURUMU","url":"https:\/\/www.grafikegitimkursu.com\/","logo":{"@type":"ImageObject","inLanguage":"tr","@id":"https:\/\/www.grafikegitimkursu.com\/#\/schema\/logo\/image\/","url":"https:\/\/i2.wp.com\/www.grafikegitimkursu.com\/wp-content\/uploads\/2016\/02\/logo-son1.png?fit=494%2C110&ssl=1","contentUrl":"https:\/\/i2.wp.com\/www.grafikegitimkursu.com\/wp-content\/uploads\/2016\/02\/logo-son1.png?fit=494%2C110&ssl=1","width":494,"height":110,"caption":"GRAF\u0130K E\u011e\u0130T\u0130M KURUMU"},"image":{"@id":"https:\/\/www.grafikegitimkursu.com\/#\/schema\/logo\/image\/"},"sameAs":["https:\/\/www.facebook.com\/grafikegitimkursu\/","https:\/\/www.instagram.com\/grafikegitimkursu\/"]}]}},"_links":{"self":[{"href":"https:\/\/www.grafikegitimkursu.com\/index.php?rest_route=\/wp\/v2\/pages\/2057"}],"collection":[{"href":"https:\/\/www.grafikegitimkursu.com\/index.php?rest_route=\/wp\/v2\/pages"}],"about":[{"href":"https:\/\/www.grafikegitimkursu.com\/index.php?rest_route=\/wp\/v2\/types\/page"}],"author":[{"embeddable":true,"href":"https:\/\/www.grafikegitimkursu.com\/index.php?rest_route=\/wp\/v2\/users\/1"}],"replies":[{"embeddable":true,"href":"https:\/\/www.grafikegitimkursu.com\/index.php?rest_route=%2Fwp%2Fv2%2Fcomments&post=2057"}],"version-history":[{"count":0,"href":"https:\/\/www.grafikegitimkursu.com\/index.php?rest_route=\/wp\/v2\/pages\/2057\/revisions"}],"wp:attachment":[{"href":"https:\/\/www.grafikegitimkursu.com\/index.php?rest_route=%2Fwp%2Fv2%2Fmedia&parent=2057"}],"curies":[{"name":"wp","href":"https:\/\/api.w.org\/{rel}","templated":true}]}}