{"id":8,"date":"2015-05-20T11:45:57","date_gmt":"2015-05-20T11:45:57","guid":{"rendered":"http:\/\/masterstudy.stylemixthemes.com\/demo\/?page_id=8"},"modified":"2024-03-16T18:35:31","modified_gmt":"2024-03-16T15:35:31","slug":"anasayfa","status":"publish","type":"page","link":"https:\/\/www.grafikegitimkursu.com\/","title":{"rendered":"Ana Sayfa"},"content":{"rendered":"<p>[vc_row full_width=&#8221;stretch_row_content_no_spaces&#8221; css=&#8221;.vc_custom_1432531325225{margin-bottom: 0px !important;}&#8221;][vc_column 0=&#8221;&#8221;][rev_slider_vc alias=&#8221;home_slider&#8221;][\/vc_column][\/vc_row][vc_row full_width=&#8221;stretch_row&#8221; css=&#8221;.vc_custom_1436163428614{margin-top: 0px !important;margin-right: 0px !important;margin-bottom: 28px !important;margin-left: 0px !important;}&#8221; el_class=&#8221;overflowed_content&#8221;][vc_column width=&#8221;1\/4&#8243; css=&#8221;.vc_custom_1434610589736{margin-top: -148px !important;padding-right: 0px !important;padding-left: 0px !important;}&#8221;][stm_icon_box icon=&#8221;fa-icon-stm_icon_graduation-hat&#8221; icon_size=&#8221;73&#8243; icon_height=&#8221;69&#8243; icon_color=&#8221;#ffffff&#8221; title=&#8221;\u00d6zel S\u0131n\u0131flar: \u00c7\u00fcnk\u00fc &#8220;Siz \u00d6zelsiniz&#8220;&#8221; box_bg_color=&#8221;#f22613&#8243; box_text_color=&#8221;#ffffff&#8221; css=&#8221;.vc_custom_1564874607497{padding-top: 30px !important;padding-right: 32px !important;padding-bottom: 50px !important;padding-left: 32px !important;}&#8221; link=&#8221;url:https%3A%2F%2Fwww.grafikegitimkursu.com%2F%3Fpage_id%3D2029|title:%C3%96zel%20S%C4%B1n%C4%B1flar%3A%20%C3%87%C3%BCnk%C3%BC%20%E2%80%9CSiz%20%C3%96zelsiniz%E2%80%9D|target:%20_blank|&#8221;]4 veya 6 ki\u015filik \u00f6zel s\u0131n\u0131flarda e\u011fitim imkan\u0131. Kalabal\u0131kta de\u011fil, e\u011fitmenlerle birebir ders i\u015fleme \u015fans\u0131n\u0131 yakalay\u0131n&#8230;<\/p>\n<p><em>&gt;&gt; devam\u0131n\u0131 oku&#8230;<\/em>[\/stm_icon_box][\/vc_column][vc_column width=&#8221;1\/4&#8243; css=&#8221;.vc_custom_1434610598979{margin-top: -148px !important;padding-right: 0px !important;padding-left: 0px !important;}&#8221;][stm_icon_box icon=&#8221;fa-icon-stm_icon_diamond&#8221; icon_size=&#8221;61&#8243; icon_height=&#8221;69&#8243; icon_color=&#8221;#ffffff&#8221; title=&#8221;Neden Bizi Se\u00e7melisiniz? \u0130\u015fte Fark\u0131m\u0131z:&#8221; box_bg_color=&#8221;#54c435&#8243; box_text_color=&#8221;#ffffff&#8221; css=&#8221;.vc_custom_1564874641627{padding-top: 30px !important;padding-right: 32px !important;padding-bottom: 50px !important;padding-left: 32px !important;}&#8221; link=&#8221;url:https%3A%2F%2Fwww.grafikegitimkursu.com%2F%3Fpage_id%3D2048|title:Neden%20Bizi%20Se%C3%A7melisiniz%3F%20%C4%B0%C5%9Fte%20Fark%C4%B1m%C4%B1z%3A|target:%20_blank|&#8221;]GEK | Grafik E\u011fitim Kurumu Farkl\u0131d\u0131r \u00c7\u00fcnk\u00fc: sadece &#8220;Grafik Tasar\u0131m E\u011fitimi&#8221; veren b\u00f6lgedeki ilk ve tek kurumdur&#8230;<\/p>\n<p><em>&gt;&gt; devam\u0131n\u0131 oku&#8230;<\/em>[\/stm_icon_box][\/vc_column][vc_column width=&#8221;1\/4&#8243; css=&#8221;.vc_custom_1434610604765{margin-top: -148px !important;padding-right: 0px !important;padding-left: 0px !important;}&#8221;][stm_icon_box icon=&#8221;fa-icon-stm_icon_teacher&#8221; icon_size=&#8221;62&#8243; icon_height=&#8221;69&#8243; icon_color=&#8221;#ffffff&#8221; title=&#8221;Uzman E\u011fitmenler: &#8220;30 Y\u0131ll\u0131k Tecr\u00fcbe&#8220;&#8221; box_bg_color=&#8221;#4183d7&#8243; box_text_color=&#8221;#ffffff&#8221; link=&#8221;url:https%3A%2F%2Fwww.grafikegitimkursu.com%2F%3Fpage_id%3D2054|title:Uzman%20E%C4%9Fitmenler%3A%20%E2%80%9C28%20Y%C4%B1ll%C4%B1k%20Tecr%C3%BCbe%E2%80%9D|target:%20_blank|&#8221;]Sekt\u00f6r\u00fcn ihtiya\u00e7lar\u0131n\u0131 yak\u0131ndan takip edip, \u00f6\u011fretileriyle kursiyerlerini sekt\u00f6re \u00e7abuk adapte edebilen e\u011fitmenler&#8230;<\/p>\n<p><em>&gt;&gt; devam\u0131n\u0131 oku&#8230;<\/em>[\/stm_icon_box][\/vc_column][vc_column width=&#8221;1\/4&#8243; css=&#8221;.vc_custom_1434610618578{margin-top: -148px !important;padding-right: 0px !important;padding-left: 0px !important;}&#8221;][stm_icon_box icon=&#8221;fa-icon-stm_icon_license&#8221; icon_size=&#8221;57&#8243; icon_height=&#8221;69&#8243; icon_color=&#8221;#ffffff&#8221; title=&#8221;ADOBE &amp; COREL Sertifikasyonu&#8221; box_bg_color=&#8221;#ff0066&#8243; box_text_color=&#8221;#ffffff&#8221; link=&#8221;url:https%3A%2F%2Fwww.grafikegitimkursu.com%2F%3Fpage_id%3D2057|title:ADOBE%20%26%20COREL%20Sertifikasyonu|target:%20_blank|&#8221;]Adobe &amp; Corel Yetkili E\u011fitim Merkezi; GEK Kat\u0131l\u0131mc\u0131 Sertifikas\u0131 sizi bekliyor. Adobe Certified Exam imkan\u0131&#8230;<\/p>\n<p><em>&gt;&gt; devam\u0131n\u0131 oku&#8230;<\/em>[\/stm_icon_box][\/vc_column][\/vc_row][vc_row css=&#8221;.vc_custom_1433832974908{margin-bottom: 50px !important;}&#8221;][vc_column 0=&#8221;&#8221;][vc_custom_heading text=&#8221;E\u011e\u0130T\u0130MLER\u0130M\u0130Z&#8221; font_container=&#8221;tag:h3|font_size:32|text_align:center|line_height:48px&#8221; google_fonts=&#8221;font_family:Roboto%3A100%2C100italic%2C300%2C300italic%2Cregular%2Citalic%2C500%2C500italic%2C700%2C700italic%2C900%2C900italic|font_style:700%20bold%20regular%3A700%3Anormal&#8221;][stm_color_separator color=&#8221;#fdc735&#8243; css=&#8221;.vc_custom_1436266264775{margin-bottom: 18px !important;}&#8221;][vc_row_inner 0=&#8221;&#8221;][vc_column_inner 0=&#8221;&#8221;][stm_teachers_grid per_page=&#8221;12&#8243;][\/vc_column_inner][\/vc_row_inner][\/vc_column][\/vc_row][vc_row full_width=&#8221;stretch_row&#8221; parallax=&#8221;content-moving-fade&#8221; parallax_image=&#8221;1490&#8243; css=&#8221;.vc_custom_1453931507232{padding-top: 0px !important;padding-right: 0px !important;padding-bottom: 0px !important;padding-left: 0px !important;background-image: url(https:\/\/www.grafikegitimkursu.com\/wp-content\/uploads\/2015\/05\/Fotolia_83255773_Subscription_Monthly.jpg?id=1659) !important;}&#8221; el_class=&#8221;stm_fixed_background&#8221;][vc_column css=&#8221;.vc_custom_1453922011781{background-image: url(https:\/\/www.grafikegitimkursu.com\/wp-content\/uploads\/2015\/05\/Fotolia_83255773_Subscription_Monthly.jpg?id=1659) !important;background-position: 0 0 !important;background-repeat: repeat !important;}&#8221;][vc_custom_heading text=&#8221;2021 Y\u0131l\u0131 Ba\u015far\u0131 Tablomuz&#8221; font_container=&#8221;tag:h2|font_size:32|text_align:center|color:%23ffffff|line_height:48px&#8221; google_fonts=&#8221;font_family:Roboto%3A100%2C100italic%2C300%2C300italic%2Cregular%2Citalic%2C500%2C500italic%2C700%2C700italic%2C900%2C900italic|font_style:700%20bold%20regular%3A700%3Anormal&#8221;][vc_row_inner 0=&#8221;&#8221;][vc_column_inner css=&#8221;.vc_custom_1453921375069{background-position: 0 0 !important;background-repeat: repeat !important;}&#8221;][stm_color_separator color=&#8221;#fdc735&#8243; css=&#8221;.vc_custom_1452438831868{margin-top: 17px !important;margin-bottom: 27px !important;}&#8221;][\/vc_column_inner][\/vc_row_inner][vc_row_inner css=&#8221;.vc_custom_1436163882282{margin-bottom: 46px !important;}&#8221;][vc_column_inner width=&#8221;1\/4&#8243;][stm_stats_counter counter_value=&#8221;098&#8243; icon=&#8221;fa-icon-stm_icon_graduation-hat&#8221; icon_height=&#8221;72&#8243; title=&#8221;Ki\u015fi Mezun Oldu&#8221; icon_text_color=&#8221;#ffffff&#8221;][\/vc_column_inner][vc_column_inner width=&#8221;1\/4&#8243;][stm_stats_counter counter_value=&#8221;14356&#8243; icon=&#8221;fa-icon-stm_icon_alarm&#8221; icon_size=&#8221;71&#8243; icon_height=&#8221;72&#8243; title=&#8221;Saat Ders Tamamland\u0131&#8221;][\/vc_column_inner][vc_column_inner width=&#8221;1\/4&#8243;][stm_stats_counter counter_value=&#8221;91&#8243; icon=&#8221;fa-icon-stm_icon_add_user&#8221; icon_height=&#8221;72&#8243; title=&#8221;Kay\u0131tl\u0131 \u00d6\u011frenci&#8221;][\/vc_column_inner][vc_column_inner width=&#8221;1\/4&#8243;][stm_stats_counter counter_value=&#8221;30&#8243; icon=&#8221;fa-icon-stm_icon_diamond&#8221; icon_height=&#8221;72&#8243; title=&#8221;Y\u0131ll\u0131k E\u011fitim Tecr\u00fcbesi&#8221;][\/vc_column_inner][\/vc_row_inner][\/vc_column][\/vc_row][vc_row css=&#8221;.vc_custom_1436164243861{margin-bottom: 28px !important;}&#8221;][vc_column 0=&#8221;&#8221;][vc_custom_heading text=&#8221;SON G\u00d6NDER\u0130LER&#8221; font_container=&#8221;tag:h2|font_size:32|text_align:center|line_height:48px&#8221; google_fonts=&#8221;font_family:Roboto%3A100%2C100italic%2C300%2C300italic%2Cregular%2Citalic%2C500%2C500italic%2C700%2C700italic%2C900%2C900italic|font_style:700%20bold%20regular%3A700%3Anormal&#8221;][vc_row_inner css=&#8221;.vc_custom_1436164020002{margin-bottom: 27px !important;}&#8221;][vc_column_inner 0=&#8221;&#8221;][stm_color_separator css=&#8221;.vc_custom_1437023252855{margin-top: 7px !important;margin-bottom: 0px !important;}&#8221;][\/vc_column_inner][\/vc_row_inner][vc_row_inner 0=&#8221;&#8221;][vc_column_inner 0=&#8221;&#8221;][stm_post_list post_list_per_row=&#8221;3&#8243; post_list_show_date=&#8221;true&#8221; post_list_show_cats=&#8221;true&#8221; post_list_show_tags=&#8221;true&#8221; post_list_show_comments=&#8221;true&#8221; post_list_per_page=&#8221;3&#8243;][\/vc_column_inner][\/vc_row_inner][\/vc_column][\/vc_row][vc_row full_width=&#8221;stretch_row&#8221; css=&#8221;.vc_custom_1433853927195{margin-bottom: 0px !important;padding-top: 30px !important;padding-bottom: 55px !important;background-color: #414b4f !important;}&#8221;][vc_column css_animation=&#8221;zoomIn&#8221;][vc_custom_heading text=&#8221;NELER\u0130 \u00d6\u011eREN\u0130YORUZ?&#8221; font_container=&#8221;tag:h2|font_size:32|text_align:center|color:%23ffffff|line_height:48px&#8221; google_fonts=&#8221;font_family:Roboto%3A100%2C100italic%2C300%2C300italic%2Cregular%2Citalic%2C500%2C500italic%2C700%2C700italic%2C900%2C900italic|font_style:700%20bold%20regular%3A700%3Anormal&#8221; css_animation=&#8221;flipInY&#8221;][\/vc_column][vc_column css_animation=&#8221;flipInX&#8221; width=&#8221;1\/6&#8243;][stm_icon_box link_color_style=&#8221;dark&#8221; icon_color=&#8221;#ffffff&#8221; title=&#8221;KARTV\u0130Z\u0130T TASARIMI&#8221; box_bg_color=&#8221;#ffffff&#8221; link=&#8221;url:http%3A%2F%2Fbursagrafiktasarimkursu.com%2F%3Fp%3D2142||target:%20_blank&#8221; css=&#8221;.vc_custom_1454887761507{background-image: url(https:\/\/www.grafikegitimkursu.com\/wp-content\/uploads\/2015\/05\/6.jpg?id=2123) !important;background-position: center !important;background-repeat: no-repeat !important;background-size: cover !important;border-radius: 5px !important;}&#8221; box_text_color=&#8221;#ffffff&#8221;][\/stm_icon_box][\/vc_column][vc_column css_animation=&#8221;flipInX&#8221; width=&#8221;1\/6&#8243;][stm_icon_box icon_color=&#8221;#ffffff&#8221; title=&#8221;LOGO TASARIMI&#8221; box_text_color=&#8221;#ffffff&#8221; css=&#8221;.vc_custom_1454887786515{background-image: url(https:\/\/www.grafikegitimkursu.com\/wp-content\/uploads\/2016\/02\/10.jpg?id=2137) !important;background-position: center !important;background-repeat: no-repeat !important;background-size: cover !important;border-radius: 5px !important;}&#8221; link=&#8221;url:http%3A%2F%2Fbursagrafiktasarimkursu.com%2F%3Fp%3D1930||target:%20_blank&#8221;][\/stm_icon_box][\/vc_column][vc_column css_animation=&#8221;flipInX&#8221; width=&#8221;1\/6&#8243;][stm_icon_box icon_color=&#8221;#d8d8d8&#8243; title=&#8221;AMBALAJ TASARIMI&#8221; box_bg_color=&#8221;#ffffff&#8221; box_text_color=&#8221;#ffffff&#8221; css=&#8221;.vc_custom_1454888319747{background-image: url(https:\/\/www.grafikegitimkursu.com\/wp-content\/uploads\/2015\/05\/2.jpg?id=2119) !important;background-position: center !important;background-repeat: no-repeat !important;background-size: cover !important;border-radius: 5px !important;}&#8221; link=&#8221;url:http%3A%2F%2Fbursagrafiktasarimkursu.com%2F%3Fp%3D2146||target:%20_blank&#8221;][\/stm_icon_box][\/vc_column][vc_column css_animation=&#8221;flipInX&#8221; width=&#8221;1\/6&#8243;][stm_icon_box icon_color=&#8221;#ffffff&#8221; title=&#8221;FOTO MAN\u0130PULE&#8221; box_bg_color=&#8221;#ffffff&#8221; css=&#8221;.vc_custom_1454887943251{background-image: url(https:\/\/www.grafikegitimkursu.com\/wp-content\/uploads\/2015\/05\/3.jpg?id=2120) !important;background-position: center !important;background-repeat: no-repeat !important;background-size: cover !important;border-radius: 5px !important;}&#8221; box_text_color=&#8221;#ffffff&#8221; link=&#8221;url:http%3A%2F%2Fbursagrafiktasarimkursu.com%2F%3Fp%3D1891||target:%20_blank&#8221;][\/stm_icon_box][\/vc_column][vc_column css_animation=&#8221;flipInX&#8221; width=&#8221;1\/6&#8243;][stm_icon_box icon_color=&#8221;#ffffff&#8221; title=&#8221;KATALOG TASARIMI&#8221; box_bg_color=&#8221;#ffffff&#8221; css=&#8221;.vc_custom_1454888839150{background-image: url(https:\/\/www.grafikegitimkursu.com\/wp-content\/uploads\/2015\/05\/8.jpg?id=2135) !important;background-position: center !important;background-repeat: no-repeat !important;background-size: cover !important;border-radius: 5px !important;}&#8221; box_text_color=&#8221;#ffffff&#8221; link=&#8221;url:http%3A%2F%2Fbursagrafiktasarimkursu.com%2F%3Fp%3D2150||target:%20_blank&#8221;][\/stm_icon_box][\/vc_column][vc_column css_animation=&#8221;flipInX&#8221; width=&#8221;1\/6&#8243;][stm_icon_box icon_color=&#8221;#ffffff&#8221; title=&#8221;KURUMSAL K\u0130ML\u0130K&#8221; box_bg_color=&#8221;#ffffff&#8221; css=&#8221;.vc_custom_1454887975352{background-image: url(https:\/\/www.grafikegitimkursu.com\/wp-content\/uploads\/2015\/05\/5.jpg?id=2122) !important;background-position: center !important;background-repeat: no-repeat !important;background-size: cover !important;border-radius: 5px !important;}&#8221; box_text_color=&#8221;#ffffff&#8221; link=&#8221;url:http%3A%2F%2Fbursagrafiktasarimkursu.com%2F%3Fp%3D1889||target:%20_blank&#8221;][\/stm_icon_box][\/vc_column][\/vc_row][vc_row css=&#8221;.vc_custom_1567422021879{margin-right: 0px !important;margin-left: 0px !important;padding-top: 30px !important;padding-bottom: 27px !important;background-color: #eab830 !important;background-position: center !important;background-repeat: no-repeat !important;background-size: cover !important;}&#8221; el_class=&#8221;stm_countdown_bg&#8221;][vc_column width=&#8221;7\/12&#8243;][vc_column_text css_animation=&#8221;zoomInDown&#8221; css=&#8221;.vc_custom_1508331107878{margin-top: 33px !important;margin-bottom: 10px !important;}&#8221;]<\/p>\n<h2 class=\"white-heading\" style=\"text-align: center; line-height: 36px; color: #fff;\"><span class=\"demo-label\" style=\"color: #333333;\">ERKEN KAYIT FIRSATI!<\/span><\/h2>\n<h2 class=\"white-heading\" style=\"text-align: center; line-height: 36px; color: #fff;\">Hemen Erken Kay\u0131t Formunu Doldurun, An\u0131nda %15 *indirim Kazan\u0131n!<\/h2>\n<p>[\/vc_column_text][stm_color_separator color=&#8221;#ffffff&#8221; css=&#8221;.vc_custom_1437457505459{margin-bottom: 18px !important;}&#8221;][vc_column_text 0=&#8221;&#8221;]<\/p>\n<h3 style=\"text-align: center;\"><\/h3>\n<h3 style=\"text-align: center;\">A\u00c7ILACAK OLAN YEN\u0130 SINIFA KALAN S\u00dcRE;<\/h3>\n<p>[\/vc_column_text][stm_countdown datepicker=&#8221;24-04-2024 18:00&#8243; css=&#8221;.vc_custom_1567375711715{margin-bottom: 35px !important;}&#8221;][vc_column_text css_animation=&#8221;appear&#8221;]<\/p>\n<h3 style=\"text-align: center; margin-bottom: 20px;\"><span style=\"color: #333;\">*s\u0131n\u0131rl\u0131 s\u00fcre ve kontenjan i\u00e7in ge\u00e7erli indirim f\u0131rsat\u0131.<\/span><\/h3>\n<p>[\/vc_column_text][\/vc_column][vc_column width=&#8221;5\/12&#8243;][vc_column_text]<\/p>\n<p><iframe style=\"height: 100%; width: 100%; overflow: auto; min-height: 500px;\" src=\"https:\/\/www.grafikegitimkursu.com\/contact-form\/gek-reg.php\" frameborder=\"0\"><\/iframe><br \/>\n[\/vc_column_text][\/vc_column][\/vc_row][vc_row css=&#8221;.vc_custom_1434695320673{margin-bottom: 0px !important;}&#8221;][vc_column css_animation=&#8221;none&#8221;][stm_testimonials testimonials_slides_per_row=&#8221;2&#8243; testimonials_title=&#8221;YORUMLAR \/ Bizim Hakk\u0131m\u0131zda Ne Dediler?&#8221; testimonials_max_num=&#8221;20&#8243;][\/vc_column][\/vc_row][vc_row][vc_column width=&#8221;1\/3&#8243;][\/vc_column][vc_column width=&#8221;1\/3&#8243;][\/vc_column][vc_column width=&#8221;1\/3&#8243;][\/vc_column][\/vc_row]<\/p>\n","protected":false},"excerpt":{"rendered":"<p>[vc_row full_width=&#8221;stretch_row_content_no_spaces&#8221; css=&#8221;.vc_custom_1432531325225{margin-bottom: 0px !important;}&#8221;][vc_column 0=&#8221;&#8221;][rev_slider_vc alias=&#8221;home_slider&#8221;][\/vc_column][\/vc_row][vc_row full_width=&#8221;stretch_row&#8221; css=&#8221;.vc_custom_1436163428614{margin-top: 0px !important;margin-right: 0px !important;margin-bottom: 28px !important;margin-left: 0px !important;}&#8221; el_class=&#8221;overflowed_content&#8221;][vc_column width=&#8221;1\/4&#8243; css=&#8221;.vc_custom_1434610589736{margin-top: -148px !important;padding-right: 0px !important;padding-left: 0px !important;}&#8221;][stm_icon_box icon=&#8221;fa-icon-stm_icon_graduation-hat&#8221; icon_size=&#8221;73&#8243; icon_height=&#8221;69&#8243; icon_color=&#8221;#ffffff&#8221; title=&#8221;\u00d6zel S\u0131n\u0131flar: \u00c7\u00fcnk\u00fc &#8220;Siz \u00d6zelsiniz&#8220;&#8221; box_bg_color=&#8221;#f22613&#8243; box_text_color=&#8221;#ffffff&#8221; css=&#8221;.vc_custom_1564874607497{padding-top: 30px !important;padding-right: 32px !important;padding-bottom: 50px !important;padding-left: 32px !important;}&#8221; link=&#8221;url:https%3A%2F%2Fwww.grafikegitimkursu.com%2F%3Fpage_id%3D2029|title:%C3%96zel%20S%C4%B1n%C4%B1flar%3A%20%C3%87%C3%BCnk%C3%BC%20%E2%80%9CSiz%20%C3%96zelsiniz%E2%80%9D|target:%20_blank|&#8221;]4 veya 6 ki\u015filik \u00f6zel s\u0131n\u0131flarda e\u011fitim imkan\u0131. Kalabal\u0131kta [&hellip;]<\/p>\n","protected":false},"author":1,"featured_media":0,"parent":0,"menu_order":0,"comment_status":"closed","ping_status":"closed","template":"","meta":[],"yoast_head":"<!-- This site is optimized with the Yoast SEO plugin v20.7 - https:\/\/yoast.com\/wordpress\/plugins\/seo\/ -->\n<title>GEK | Grafik E\u011fitim Kurumu - Sen de Tasarlayabilirsin !<\/title>\n<meta name=\"description\" content=\"photoshop,grafik,coreldraw,illustrator,indesign,quarkxpress,3ds max,after effects,cinema 4d,affinity,premiere pro,lightroom,kursu,video,montaj,bursa,tasar\u0131m\" \/>\n<meta name=\"robots\" content=\"index, follow, max-snippet:-1, max-image-preview:large, max-video-preview:-1\" \/>\n<link rel=\"canonical\" href=\"https:\/\/www.grafikegitimkursu.com\/\" \/>\n<meta property=\"og:locale\" content=\"tr_TR\" \/>\n<meta property=\"og:type\" content=\"article\" \/>\n<meta property=\"og:title\" content=\"GEK | Grafik E\u011fitim Kurumu - Sen de Tasarlayabilirsin !\" \/>\n<meta property=\"og:description\" content=\"photoshop,grafik,coreldraw,illustrator,indesign,quarkxpress,3ds max,after effects,cinema 4d,affinity,premiere pro,lightroom,kursu,video,montaj,bursa,tasar\u0131m\" \/>\n<meta property=\"og:url\" content=\"https:\/\/www.grafikegitimkursu.com\/\" \/>\n<meta property=\"og:site_name\" content=\"GEK | Grafik E\u011fitim Kurumu\" \/>\n<meta property=\"article:publisher\" content=\"https:\/\/www.facebook.com\/grafikegitimkursu\/\" \/>\n<meta property=\"article:modified_time\" content=\"2024-03-16T15:35:31+00:00\" \/>\n<meta name=\"twitter:card\" content=\"summary_large_image\" \/>\n<meta name=\"twitter:label1\" content=\"Tahmini okuma s\u00fcresi\" \/>\n\t<meta name=\"twitter:data1\" content=\"4 dakika\" \/>\n<script type=\"application\/ld+json\" class=\"yoast-schema-graph\">{\"@context\":\"https:\/\/schema.org\",\"@graph\":[{\"@type\":\"WebPage\",\"@id\":\"https:\/\/www.grafikegitimkursu.com\/\",\"url\":\"https:\/\/www.grafikegitimkursu.com\/\",\"name\":\"GEK | Grafik E\u011fitim Kurumu - Sen de Tasarlayabilirsin !\",\"isPartOf\":{\"@id\":\"https:\/\/www.grafikegitimkursu.com\/#website\"},\"datePublished\":\"2015-05-20T11:45:57+00:00\",\"dateModified\":\"2024-03-16T15:35:31+00:00\",\"description\":\"photoshop,grafik,coreldraw,illustrator,indesign,quarkxpress,3ds max,after effects,cinema 4d,affinity,premiere pro,lightroom,kursu,video,montaj,bursa,tasar\u0131m\",\"breadcrumb\":{\"@id\":\"https:\/\/www.grafikegitimkursu.com\/#breadcrumb\"},\"inLanguage\":\"tr\",\"potentialAction\":[{\"@type\":\"ReadAction\",\"target\":[\"https:\/\/www.grafikegitimkursu.com\/\"]}]},{\"@type\":\"BreadcrumbList\",\"@id\":\"https:\/\/www.grafikegitimkursu.com\/#breadcrumb\",\"itemListElement\":[{\"@type\":\"ListItem\",\"position\":1,\"name\":\"Ana sayfa\",\"item\":\"https:\/\/www.grafikegitimkursu.com\/\"},{\"@type\":\"ListItem\",\"position\":2,\"name\":\"Ana Sayfa\"}]},{\"@type\":\"WebSite\",\"@id\":\"https:\/\/www.grafikegitimkursu.com\/#website\",\"url\":\"https:\/\/www.grafikegitimkursu.com\/\",\"name\":\"GEK | Grafik E\u011fitim Kurumu\",\"description\":\"Sen de Tasarlayabilirsin !\",\"publisher\":{\"@id\":\"https:\/\/www.grafikegitimkursu.com\/#organization\"},\"potentialAction\":[{\"@type\":\"SearchAction\",\"target\":{\"@type\":\"EntryPoint\",\"urlTemplate\":\"https:\/\/www.grafikegitimkursu.com\/?s={search_term_string}\"},\"query-input\":\"required name=search_term_string\"}],\"inLanguage\":\"tr\"},{\"@type\":\"Organization\",\"@id\":\"https:\/\/www.grafikegitimkursu.com\/#organization\",\"name\":\"GRAF\u0130K E\u011e\u0130T\u0130M KURUMU\",\"url\":\"https:\/\/www.grafikegitimkursu.com\/\",\"logo\":{\"@type\":\"ImageObject\",\"inLanguage\":\"tr\",\"@id\":\"https:\/\/www.grafikegitimkursu.com\/#\/schema\/logo\/image\/\",\"url\":\"https:\/\/i2.wp.com\/www.grafikegitimkursu.com\/wp-content\/uploads\/2016\/02\/logo-son1.png?fit=494%2C110&ssl=1\",\"contentUrl\":\"https:\/\/i2.wp.com\/www.grafikegitimkursu.com\/wp-content\/uploads\/2016\/02\/logo-son1.png?fit=494%2C110&ssl=1\",\"width\":494,\"height\":110,\"caption\":\"GRAF\u0130K E\u011e\u0130T\u0130M KURUMU\"},\"image\":{\"@id\":\"https:\/\/www.grafikegitimkursu.com\/#\/schema\/logo\/image\/\"},\"sameAs\":[\"https:\/\/www.facebook.com\/grafikegitimkursu\/\",\"https:\/\/www.instagram.com\/grafikegitimkursu\/\"]}]}<\/script>\n<!-- \/ Yoast SEO plugin. -->","yoast_head_json":{"title":"GEK | Grafik E\u011fitim Kurumu - Sen de Tasarlayabilirsin !","description":"photoshop,grafik,coreldraw,illustrator,indesign,quarkxpress,3ds max,after effects,cinema 4d,affinity,premiere pro,lightroom,kursu,video,montaj,bursa,tasar\u0131m","robots":{"index":"index","follow":"follow","max-snippet":"max-snippet:-1","max-image-preview":"max-image-preview:large","max-video-preview":"max-video-preview:-1"},"canonical":"https:\/\/www.grafikegitimkursu.com\/","og_locale":"tr_TR","og_type":"article","og_title":"GEK | Grafik E\u011fitim Kurumu - Sen de Tasarlayabilirsin !","og_description":"photoshop,grafik,coreldraw,illustrator,indesign,quarkxpress,3ds max,after effects,cinema 4d,affinity,premiere pro,lightroom,kursu,video,montaj,bursa,tasar\u0131m","og_url":"https:\/\/www.grafikegitimkursu.com\/","og_site_name":"GEK | Grafik E\u011fitim Kurumu","article_publisher":"https:\/\/www.facebook.com\/grafikegitimkursu\/","article_modified_time":"2024-03-16T15:35:31+00:00","twitter_card":"summary_large_image","twitter_misc":{"Tahmini okuma s\u00fcresi":"4 dakika"},"schema":{"@context":"https:\/\/schema.org","@graph":[{"@type":"WebPage","@id":"https:\/\/www.grafikegitimkursu.com\/","url":"https:\/\/www.grafikegitimkursu.com\/","name":"GEK | Grafik E\u011fitim Kurumu - Sen de Tasarlayabilirsin !","isPartOf":{"@id":"https:\/\/www.grafikegitimkursu.com\/#website"},"datePublished":"2015-05-20T11:45:57+00:00","dateModified":"2024-03-16T15:35:31+00:00","description":"photoshop,grafik,coreldraw,illustrator,indesign,quarkxpress,3ds max,after effects,cinema 4d,affinity,premiere pro,lightroom,kursu,video,montaj,bursa,tasar\u0131m","breadcrumb":{"@id":"https:\/\/www.grafikegitimkursu.com\/#breadcrumb"},"inLanguage":"tr","potentialAction":[{"@type":"ReadAction","target":["https:\/\/www.grafikegitimkursu.com\/"]}]},{"@type":"BreadcrumbList","@id":"https:\/\/www.grafikegitimkursu.com\/#breadcrumb","itemListElement":[{"@type":"ListItem","position":1,"name":"Ana sayfa","item":"https:\/\/www.grafikegitimkursu.com\/"},{"@type":"ListItem","position":2,"name":"Ana Sayfa"}]},{"@type":"WebSite","@id":"https:\/\/www.grafikegitimkursu.com\/#website","url":"https:\/\/www.grafikegitimkursu.com\/","name":"GEK | Grafik E\u011fitim Kurumu","description":"Sen de Tasarlayabilirsin !","publisher":{"@id":"https:\/\/www.grafikegitimkursu.com\/#organization"},"potentialAction":[{"@type":"SearchAction","target":{"@type":"EntryPoint","urlTemplate":"https:\/\/www.grafikegitimkursu.com\/?s={search_term_string}"},"query-input":"required name=search_term_string"}],"inLanguage":"tr"},{"@type":"Organization","@id":"https:\/\/www.grafikegitimkursu.com\/#organization","name":"GRAF\u0130K E\u011e\u0130T\u0130M KURUMU","url":"https:\/\/www.grafikegitimkursu.com\/","logo":{"@type":"ImageObject","inLanguage":"tr","@id":"https:\/\/www.grafikegitimkursu.com\/#\/schema\/logo\/image\/","url":"https:\/\/i2.wp.com\/www.grafikegitimkursu.com\/wp-content\/uploads\/2016\/02\/logo-son1.png?fit=494%2C110&ssl=1","contentUrl":"https:\/\/i2.wp.com\/www.grafikegitimkursu.com\/wp-content\/uploads\/2016\/02\/logo-son1.png?fit=494%2C110&ssl=1","width":494,"height":110,"caption":"GRAF\u0130K E\u011e\u0130T\u0130M KURUMU"},"image":{"@id":"https:\/\/www.grafikegitimkursu.com\/#\/schema\/logo\/image\/"},"sameAs":["https:\/\/www.facebook.com\/grafikegitimkursu\/","https:\/\/www.instagram.com\/grafikegitimkursu\/"]}]}},"_links":{"self":[{"href":"https:\/\/www.grafikegitimkursu.com\/index.php?rest_route=\/wp\/v2\/pages\/8"}],"collection":[{"href":"https:\/\/www.grafikegitimkursu.com\/index.php?rest_route=\/wp\/v2\/pages"}],"about":[{"href":"https:\/\/www.grafikegitimkursu.com\/index.php?rest_route=\/wp\/v2\/types\/page"}],"author":[{"embeddable":true,"href":"https:\/\/www.grafikegitimkursu.com\/index.php?rest_route=\/wp\/v2\/users\/1"}],"replies":[{"embeddable":true,"href":"https:\/\/www.grafikegitimkursu.com\/index.php?rest_route=%2Fwp%2Fv2%2Fcomments&post=8"}],"version-history":[{"count":1,"href":"https:\/\/www.grafikegitimkursu.com\/index.php?rest_route=\/wp\/v2\/pages\/8\/revisions"}],"predecessor-version":[{"id":2918,"href":"https:\/\/www.grafikegitimkursu.com\/index.php?rest_route=\/wp\/v2\/pages\/8\/revisions\/2918"}],"wp:attachment":[{"href":"https:\/\/www.grafikegitimkursu.com\/index.php?rest_route=%2Fwp%2Fv2%2Fmedia&parent=8"}],"curies":[{"name":"wp","href":"https:\/\/api.w.org\/{rel}","templated":true}]}}